{"id":8,"date":"2015-08-06T08:19:02","date_gmt":"2015-08-06T08:19:02","guid":{"rendered":"http:\/\/amjadi.com\/pl\/?page_id=8"},"modified":"2024-07-17T09:55:24","modified_gmt":"2024-07-17T07:55:24","slug":"home","status":"publish","type":"page","link":"https:\/\/amjadi.com\/pl\/","title":{"rendered":"HOME"},"content":{"rendered":"<p>[vc_row css_animation=&#8221;&#8221; row_type=&#8221;row&#8221; use_row_as_full_screen_section=&#8221;no&#8221; type=&#8221;full_width&#8221; angled_section=&#8221;no&#8221; text_align=&#8221;left&#8221; background_image_as_pattern=&#8221;without_pattern&#8221;][vc_column][layerslider_vc id=&#8221;1&#8243;][\/vc_column][\/vc_row][vc_row css_animation=&#8221;&#8221; row_type=&#8221;row&#8221; use_row_as_full_screen_section=&#8221;no&#8221; type=&#8221;full_width&#8221; angled_section=&#8221;no&#8221; text_align=&#8221;left&#8221; background_image_as_pattern=&#8221;without_pattern&#8221;][vc_column][vc_empty_space][\/vc_column][\/vc_row][vc_row css_animation=&#8221;&#8221; row_type=&#8221;row&#8221; use_row_as_full_screen_section=&#8221;no&#8221; type=&#8221;grid&#8221; angled_section=&#8221;no&#8221; text_align=&#8221;left&#8221; background_image_as_pattern=&#8221;without_pattern&#8221;][vc_column width=&#8221;1\/3&#8243;][vc_column_text]<img loading=\"lazy\" class=\" wp-image-155 size-full aligncenter\" src=\"http:\/\/amjadi.com\/pl\/wp-content\/uploads\/2015\/08\/baran_jako\u015b\u01072.png\" alt=\"AMJADI producent jelit baranich\" width=\"150\" height=\"115\" \/>[\/vc_column_text][vc_column_text]<\/p>\n<h3 style=\"text-align: center;\">Jako\u015b\u0107<\/h3>\n<p>&nbsp;<\/p>\n<p style=\"text-align: center;\">Oryginalne jelita baranie sprowadzamy z w\u0142asnych oraz zaprzyja\u017anionych zak\u0142ad\u00f3w produkcyjnych. Pochodzenie jelit ma znaczenie. Sk\u0105py dost\u0119p do po\u017cywienia w tej cz\u0119\u015bci \u015bwiata, wymusza na owcach\u00a0 intensywny ruch dzi\u0119ki czemu jelita s\u0105 wytrzymalsze.<\/p>\n<p>[\/vc_column_text][\/vc_column][vc_column width=&#8221;1\/3&#8243;][vc_column_text]<img loading=\"lazy\" class=\"aligncenter wp-image-154 size-full\" src=\"http:\/\/amjadi.com\/pl\/wp-content\/uploads\/2015\/08\/baran_bezpieczenstwo2.png\" alt=\"AMJADI producent jelit baranich\" width=\"150\" height=\"115\" \/>[\/vc_column_text][vc_column_text]<\/p>\n<h3 style=\"text-align: center;\">Bezpiecze\u0144stwo<\/h3>\n<p>&nbsp;<\/p>\n<p style=\"text-align: center;\">Jelita baranie, os\u0142onki naturalne do kie\u0142bas, jelita do kie\u0142bas kt\u00f3re oferujemy naszym Klientom poddawane s\u0105 specjalnym kontrolom. Jako producent jelit baranich posiadamy wdro\u017cony i zatwierdzony przez Inspekcj\u0119 Weterynaryjn\u0105 system HACCP kt\u00f3ry pozwala zidentyfikowa\u0107 zagro\u017cenie zdrowotne dla potencjalnego konsumenta ze strony produktu a nast\u0119pnie eliminowa\u0107 je lub ogranicza\u0107 do bezpiecznego minimum.<\/p>\n<p>[\/vc_column_text][\/vc_column][vc_column width=&#8221;1\/3&#8243;][vc_column_text]<a href=\"http:\/\/amjadi.com\/pl\/wp-content\/uploads\/2015\/08\/baran_profesjonalizm2.png\"><img loading=\"lazy\" class=\" size-full wp-image-156 aligncenter\" src=\"http:\/\/amjadi.com\/pl\/wp-content\/uploads\/2015\/08\/baran_profesjonalizm2.png\" alt=\"AMJADI producent flak\u00f3w baranich\" width=\"150\" height=\"115\" \/><\/a>[\/vc_column_text][vc_column_text]<\/p>\n<h3 style=\"text-align: center;\">Profesjonalizm<\/h3>\n<p>&nbsp;<\/p>\n<p style=\"text-align: center;\">Dzi\u0119ki wieloletniej tradycji i do\u015bwiadczeniu jeste\u015bmy w stanie zapewni\u0107 najwy\u017csz\u0105 jako\u015b\u0107 naszych produkt\u00f3w. Konfekcjonowanie naturalnych jelit baranich w odpowiedni spos\u00f3b sprawia, \u017ce produkcja w\u0119dlin u naszego Klienta staje si\u0119 o wiele bardziej efektywna. Poci\u0105ga to za sob\u0105 zmniejszenie koszt\u00f3w pracownik\u00f3w, czasu produkcji i koszt\u00f3w dodatkowych jelit. Wszystko to dzi\u0119ki mniejszemu zu\u017cyciu jelit na 100kg farszu.<\/p>\n<p>[\/vc_column_text][\/vc_column][\/vc_row][vc_row css_animation=&#8221;&#8221; row_type=&#8221;row&#8221; use_row_as_full_screen_section=&#8221;no&#8221; type=&#8221;full_width&#8221; angled_section=&#8221;no&#8221; text_align=&#8221;left&#8221; background_image_as_pattern=&#8221;without_pattern&#8221;][vc_column][vc_empty_space height=&#8221;44px&#8221;][\/vc_column][\/vc_row][vc_row css_animation=&#8221;element_from_right&#8221; row_type=&#8221;row&#8221; use_row_as_full_screen_section=&#8221;no&#8221; type=&#8221;full_width&#8221; angled_section=&#8221;no&#8221; text_align=&#8221;left&#8221; background_image_as_pattern=&#8221;without_pattern&#8221; transition_delay=&#8221;500&#8243;][vc_column][layerslider_vc id=&#8221;3&#8243;][\/vc_column][\/vc_row][vc_row css_animation=&#8221;&#8221; row_type=&#8221;row&#8221; use_row_as_full_screen_section=&#8221;no&#8221; type=&#8221;full_width&#8221; angled_section=&#8221;no&#8221; text_align=&#8221;left&#8221; background_image_as_pattern=&#8221;without_pattern&#8221;][vc_column][vc_empty_space][\/vc_column][\/vc_row][vc_row css_animation=&#8221;&#8221; row_type=&#8221;row&#8221; use_row_as_full_screen_section=&#8221;no&#8221; type=&#8221;full_width&#8221; angled_section=&#8221;no&#8221; text_align=&#8221;left&#8221; background_image_as_pattern=&#8221;without_pattern&#8221;][vc_column][vc_column_text]<\/p>\n<h5 style=\"text-align: center;\">PRODUKTY NAJWY\u017bSZEJ JAKO\u015aCI<\/h5>\n<p>[\/vc_column_text][\/vc_column][\/vc_row][vc_row css_animation=&#8221;&#8221; row_type=&#8221;row&#8221; use_row_as_full_screen_section=&#8221;no&#8221; type=&#8221;grid&#8221; angled_section=&#8221;no&#8221; text_align=&#8221;left&#8221; background_image_as_pattern=&#8221;without_pattern&#8221;][vc_column][vc_empty_space height=&#8221;22px&#8221;][vc_column_text]<\/p>\n<h6 style=\"text-align: center;\"><\/h6>\n<h6 style=\"text-align: center;\">Serdecznie witamy Pa\u0144stwa na naszej stronie internetowej.<br \/>\nZ mi\u0142\u0105 ch\u0119ci\u0105 przedstawimy Pa\u0144stwu nasz\u0105 ofert\u0119<br \/>\noraz przybli\u017cymy polityk\u0119 przedsi\u0119biorstwa.<br \/>\nWe wszystkich dzia\u0142ach firmy Amjadi k\u0142adziemy najwi\u0119kszy<br \/>\nnacisk na utrzymanie\u00a0najwy\u017cszej jako\u015bci.<\/h6>\n<p>[\/vc_column_text][\/vc_column][\/vc_row][vc_row css_animation=&#8221;element_from_left&#8221; row_type=&#8221;row&#8221; use_row_as_full_screen_section=&#8221;no&#8221; type=&#8221;full_width&#8221; angled_section=&#8221;no&#8221; text_align=&#8221;left&#8221; background_image_as_pattern=&#8221;without_pattern&#8221; transition_delay=&#8221;500&#8243;][vc_column][vc_empty_space][vc_column_text]<img loading=\"lazy\" class=\"alignnone wp-image-17 size-full\" src=\"http:\/\/amjadi.com\/pl\/wp-content\/uploads\/2015\/08\/produkty.jpg\" alt=\"jelita naturalne do kie\u0142bas - jelita baranie\" width=\"1659\" height=\"441\" srcset=\"https:\/\/amjadi.com\/pl\/wp-content\/uploads\/2015\/08\/produkty.jpg 1659w, https:\/\/amjadi.com\/pl\/wp-content\/uploads\/2015\/08\/produkty-300x79.jpg 300w, https:\/\/amjadi.com\/pl\/wp-content\/uploads\/2015\/08\/produkty-1024x272.jpg 1024w, https:\/\/amjadi.com\/pl\/wp-content\/uploads\/2015\/08\/produkty-700x186.jpg 700w\" sizes=\"(max-width: 1659px) 100vw, 1659px\" \/>[\/vc_column_text][vc_empty_space][\/vc_column][\/vc_row][vc_row css_animation=&#8221;&#8221; row_type=&#8221;row&#8221; use_row_as_full_screen_section=&#8221;no&#8221; type=&#8221;full_width&#8221; angled_section=&#8221;no&#8221; text_align=&#8221;left&#8221; background_image_as_pattern=&#8221;without_pattern&#8221;][vc_column][vc_empty_space][\/vc_column][\/vc_row]<\/p>\n","protected":false},"excerpt":{"rendered":"<p>[vc_row css_animation=&#8221;&#8221; row_type=&#8221;row&#8221; use_row_as_full_screen_section=&#8221;no&#8221; type=&#8221;full_width&#8221; angled_section=&#8221;no&#8221; text_align=&#8221;left&#8221; background_image_as_pattern=&#8221;without_pattern&#8221;][vc_column][layerslider_vc id=&#8221;1&#8243;][\/vc_column][\/vc_row][vc_row css_animation=&#8221;&#8221; row_type=&#8221;row&#8221; use_row_as_full_screen_section=&#8221;no&#8221; type=&#8221;full_width&#8221; angled_section=&#8221;no&#8221; text_align=&#8221;left&#8221; background_image_as_pattern=&#8221;without_pattern&#8221;][vc_column][vc_empty_space][\/vc_column][\/vc_row][vc_row css_animation=&#8221;&#8221; row_type=&#8221;row&#8221; use_row_as_full_screen_section=&#8221;no&#8221; type=&#8221;grid&#8221; angled_section=&#8221;no&#8221; text_align=&#8221;left&#8221; background_image_as_pattern=&#8221;without_pattern&#8221;][vc_column width=&#8221;1\/3&#8243;][vc_column_text][\/vc_column_text][vc_column_text] Jako\u015b\u0107 &nbsp; Oryginalne jelita baranie sprowadzamy z w\u0142asnych oraz zaprzyja\u017anionych zak\u0142ad\u00f3w produkcyjnych. Pochodzenie jelit ma znaczenie. Sk\u0105py dost\u0119p do po\u017cywienia w&#8230;<\/p>\n","protected":false},"author":1,"featured_media":0,"parent":0,"menu_order":0,"comment_status":"open","ping_status":"open","template":"full_width.php","meta":[],"_links":{"self":[{"href":"https:\/\/amjadi.com\/pl\/wp-json\/wp\/v2\/pages\/8"}],"collection":[{"href":"https:\/\/amjadi.com\/pl\/wp-json\/wp\/v2\/pages"}],"about":[{"href":"https:\/\/amjadi.com\/pl\/wp-json\/wp\/v2\/types\/page"}],"author":[{"embeddable":true,"href":"https:\/\/amjadi.com\/pl\/wp-json\/wp\/v2\/users\/1"}],"replies":[{"embeddable":true,"href":"https:\/\/amjadi.com\/pl\/wp-json\/wp\/v2\/comments?post=8"}],"version-history":[{"count":3,"href":"https:\/\/amjadi.com\/pl\/wp-json\/wp\/v2\/pages\/8\/revisions"}],"predecessor-version":[{"id":472,"href":"https:\/\/amjadi.com\/pl\/wp-json\/wp\/v2\/pages\/8\/revisions\/472"}],"wp:attachment":[{"href":"https:\/\/amjadi.com\/pl\/wp-json\/wp\/v2\/media?parent=8"}],"curies":[{"name":"wp","href":"https:\/\/api.w.org\/{rel}","templated":true}]}}