{"id":365,"date":"2018-06-11T09:52:17","date_gmt":"2018-06-11T07:52:17","guid":{"rendered":"http:\/\/amjadi.com\/pl\/?page_id=365"},"modified":"2024-07-17T10:13:08","modified_gmt":"2024-07-17T08:13:08","slug":"ochrona-danych","status":"publish","type":"page","link":"https:\/\/amjadi.com\/pl\/ochrona-danych\/","title":{"rendered":"Ochrona danych"},"content":{"rendered":"<p>[vc_row][vc_column][vc_column_text]<\/p>\n<h6 style=\"text-align: center;\"><span style=\"color: #b69b63;\">OBOWI\u0104ZEK INFORMACYJNY \u2013 OG\u00d3LNY PH AMJADI INTERNATIONAL POL SP. Z O.O. SP. K.<\/span><\/h6>\n<p>[\/vc_column_text][vc_empty_space height=&#8221;33px&#8221;][vc_column_text]<strong>1. KTO JEST ADMINISTRATOREM DANYCH OSOBOWYCH?<\/strong><\/p>\n<p>Administratorem Pa\u0144stwa danych osobowych jest PH AMJADI INTERNATIONAL POL Sp. z o.o. Sp.k. z siedzib\u0105 w Kaszczorze (64-234) Przem\u0119t, ul. Brzoskwiniowa 7, NIP: 923 165 39 36, KRS: 0000301787, zwana dalej Administratorem.<\/p>\n<p>&nbsp;<\/p>\n<p><strong>2. JAK MO\u017bNA SI\u0118 Z NAMI SKONTAKTOWA\u0106 W SPRAWACH OCHRONY DANYCH OSOBOWYCH?<\/strong><\/p>\n<p>W sprawach dotycz\u0105cych ochrony danych osobowych mo\u017cecie Pa\u0144stwo kontaktowa\u0107 si\u0119 z nami na podany powy\u017cej adres pocztowy b\u0105d\u017a drog\u0105 e-mailow\u0105 na adres: &#114;&#111;&#x64;o&#64;&#x61;&#x6d;j&#97;&#x64;&#x69;&#46;&#99;&#x6f;&#x6d;.<\/p>\n<p>&nbsp;<\/p>\n<p><strong>3. NA JAKIEJ PODSTAWIE PRAWNEJ PRZETWARZAMY DANE OSOBOWE ORAZ W JAKIM CELU?<\/strong><\/p>\n<p>Administrator przetwarza dane osobowe zwi\u0105zane z prowadzon\u0105 dzia\u0142alno\u015bci\u0105, tj.:<\/p>\n<p>3.1. ZGODA: na podstawie Pa\u0144stwa zgody (art. 6 ust. 1 lit. a RODO). Zgoda na przetwarzanie danych osobowych mo\u017ce by\u0107 wycofana w dowolnym momencie w taki sam spos\u00f3b, w jaki zosta\u0142a ona wyra\u017cona b\u0105d\u017a na adres e-mailowy, przy czym cofni\u0119cie zgody pozostanie bez wp\u0142ywu na zgodno\u015b\u0107 z prawem przetwarzania danych dokonanych przed jej cofni\u0119ciem.<\/p>\n<p>3.2. OFERTOWANIE I UMOWA: w celu zawarcia i\/lub realizacji umowy (art. 6 ust. 1 lit. b RODO).<\/p>\n<p>3.3. OBOWI\u0104ZEK PRAWNY: w celu wype\u0142nienia obowi\u0105zku prawnego Administratora (art. 6 ust. 1 lit. c), w zakresie realizacji obowi\u0105zk\u00f3w ustawowych, w tym przepis\u00f3w o rachunkowo\u015bci dla cel\u00f3w podatkowych i rachunkowych.<\/p>\n<p>3.4. UZASADNIONY INTERES: w celu wynikaj\u0105cego z prawnie uzasadnionych interes\u00f3w realizowanych przez Administratora (art. 6 ust. 1 lit. f RODO). Prawnie uzasadnione interesy polegaj\u0105 na prowadzeniu dzia\u0142a\u0144 statystycznych, raportowania wewn\u0119trznego, archiwizacji, realizacji zasady rozliczalno\u015bci przetwarzania danych, marketingu bezpo\u015bredniego.<\/p>\n<p>&nbsp;<\/p>\n<p><strong>4. JAK D\u0141UGO PRZETWARZAMY PA\u0143STWA DANE OSOBOWE?<\/strong><\/p>\n<p>Pa\u0144stwa dane b\u0119d\u0105 przetwarzane, a nast\u0119pnie przechowywane, przez czas niezb\u0119dny do realizacji cel\u00f3w, w kt\u00f3rych s\u0105 wykorzystywane, w spos\u00f3b opisany w pkt. 3., w szczeg\u00f3lno\u015bci zgodnie z prawem oraz czas przedawnienia roszcze\u0144 zgodnie z obowi\u0105zuj\u0105cym prawem.<\/p>\n<p>Informujemy, \u017ce Pa\u0144stwa dane mo\u017cemy pozyskiwa\u0107 z bazy danych GUS, CEIDG i KRS, a tak\u017ce z Pa\u0144stwa stron internetowych b\u0105d\u017a innych powszechnie dost\u0119pnych \u017ar\u00f3de\u0142.<\/p>\n<p>&nbsp;<\/p>\n<p><strong>5. DLACZEGO NALE\u017bY PRZEKAZA\u0106 DANE OSOBOWE?<\/strong><\/p>\n<p>Podanie danych osobowych jest dobrowolne (np. w przypadku pozyskania zg\u00f3d, prowadzenia przez Pa\u0144stwa korespondencji, woli zawarcia umowy\/us\u0142ugi), ale bywa tak\u017ce konieczne z uwagi na obowi\u0105zuj\u0105ce przepisy prawa oraz w celu zawarcia\/realizacji um\u00f3w.<\/p>\n<p>&nbsp;<\/p>\n<p><strong>6. KTO JEST ODBIORC\u0104 DANYCH OSOBOWYCH?<\/strong><\/p>\n<p>6.1. Dane osobowe s\u0105 udost\u0119pniane osobom trzecim, w szczeg\u00f3lno\u015bci organom b\u0105d\u017a osobom\/podmiotom upowa\u017cnionym do przetwarzania danych, tylko wtedy, gdy jest to zgodne z przepisami prawa, zwi\u0105zane z realizacj\u0105 um\u00f3w lub w razie uprzedniej zgody osoby, kt\u00f3rej dane dotycz\u0105.<\/p>\n<p>6.2. Udost\u0119pnianie danych wi\u0105\u017ce si\u0119 g\u0142\u00f3wnie z wykorzystaniem przez Administratora podmiot\u00f3w, b\u0119d\u0105cych odbiorcami danych, \u015bwiadcz\u0105cych us\u0142ugi w zakresie administrowania i zarz\u0105dzania Administratorem, dostaw\u0105 medi\u00f3w, obs\u0142ugi informatycznej, hostingowej, doradczej, a tak\u017ce agencje celne, banki, producenci materia\u0142\u00f3w, magazyny, kurierzy. Lista odbiorc\u00f3w danych znajduje si\u0119 w odr\u0119bnym za\u0142\u0105czniku.<\/p>\n<p>&nbsp;<\/p>\n<p>&nbsp;<\/p>\n<p><strong>7. JAKIE MACIE PA\u0143STWO PRAWA W ZWI\u0104ZKU Z PRZETWARZANIEM PRZEZ NAS DANYCH OSOBOWYCH?<\/strong><br \/>\nW zwi\u0105zku z przetwarzaniem Pa\u0144stwa danych osobowych przys\u0142uguje Pa\u0144stwu prawo do dost\u0119pu do danych osobowych, ich sprostowania, do usuni\u0119cia danych osobowych (prawo do bycia zapomnianym), je\u015bli przepisy prawa na to pozwalaj\u0105, przeniesienia danych, ograniczenia przetwarzania, wniesienia sprzeciwu wobec przetwarzania danych, wniesienia skargi do Prezesa Urz\u0119du Ochrony Danych Osobowych.[\/vc_column_text][vc_empty_space height=&#8221;50px&#8221;][vc_separator][vc_empty_space height=&#8221;22px&#8221;][vc_column_text]<\/p>\n<h6 style=\"text-align: center;\"><span style=\"color: #b69b63;\">OBOWI\u0104ZEK INFORMACYJNY DLA OS\u00d3B W PROCESIE REKRUTACJI I ZATRUDNIENIA<br \/>\nW RAMACH UMOWY O PRAC\u0118, O DZIE\u0141O, ZLECENIA.<\/span><\/h6>\n<p>[\/vc_column_text][vc_empty_space height=&#8221;33px&#8221;][vc_column_text]<strong>1. KTO JEST ADMINISTRATOREM PA\u0143STWA DANYCH OSOBOWYCH?<\/strong><br \/>\n<strong>KIEDY JESTE\u015aMY PODMIOTEM PRZETWARZAJ\u0104CYM DANE OSOBOWE?<\/strong><\/p>\n<p>Administratorem Pa\u0144stwa danych osobowych jest PH AMJADI INTENRNATIONAL POL SP. Z O.O. SP.K. z siedzib\u0105 w Kaszczorze (64-234) Przem\u0119t, ul. Brzoskwiniowa 7, NIP: 923 165 39 36, KRS: 0000301787, zwany dalej Administratorem.<\/p>\n<p>&nbsp;<\/p>\n<p><strong>2. JAK MO\u017bNA SI\u0118 Z NAMI SKONTAKTOWA\u0106 W SPRAWACH OCHRONY DANYCH OSOBOWYCH?<\/strong><\/p>\n<p>W sprawach dotycz\u0105cych ochrony danych osobowych mo\u017cecie Pa\u0144stwo kontaktowa\u0107 si\u0119 na adres Administratora podany w pkt 1 b\u0105d\u017a drog\u0105 e-mailow\u0105 na adres: &#x72;&#111;d&#x6f;&#64;a&#x6d;&#106;a&#x64;&#105;&#46;&#x63;&#111;m<\/p>\n<p>&nbsp;<\/p>\n<p><strong>3. NA JAKIEJ PODSTAWIE PRAWNEJ PRZETWARZAMY PA\u0143STWA DANE<\/strong>?<\/p>\n<p>W razie zbierania danych dla cel\u00f3w zwi\u0105zanych z wykonaniem konkretnej umowy, Administrator przekazuje osobie, kt\u00f3rej dane dotycz\u0105, szczeg\u00f3\u0142owe informacje dotycz\u0105ce przetwarzania jej danych osobowych w momencie zawierania umowy oraz w trakcie jej obowi\u0105zywania.<\/p>\n<p>Pa\u0144stwa dane osobowe s\u0105 przetwarzane na podstawie art. 6 ust. 1 lit. a, b, c i f i art. 9 ust. 2 lit. a, b, f, h oraz zgody w oparciu o art. 49 RODO:<\/p>\n<p>3.1. ZGODA &#8211; na podstawie Pa\u0144stwa zgody (art. 6 ust. 1 lit. a i art. 9 ust. 2 lit. a, art. 49 RODO). Zgoda na przetwarzanie danych osobowych jest dobrowolna i mo\u017ce by\u0107 wycofana w dowolnym momencie w taki sam spos\u00f3b, jak zosta\u0142a ona wyra\u017cona b\u0105d\u017a na adres e-mail, przy czym takie cofni\u0119cie zgody pozostanie bez wp\u0142ywu na zgodno\u015b\u0107 z prawem przetwarzania danych dokonanego przed jej cofni\u0119ciem.<\/p>\n<p>3.2. UMOWA &#8211; w celu zawarcia i\/lub realizacji umowy (art. 6 ust. 1 lit. b RODO, art. 9 ust. 2 lit. a, b, f, h RODO), w szczeg\u00f3lno\u015bci celem zawarcia i wykonania umowy o prac\u0119 lub innej umowy cywilnoprawnej zwi\u0105zanej z realizacj\u0105 us\u0142ug i ich realizowanie zgodnie z przepisami prawa. Podstaw\u0105 prawn\u0105 przetwarzania jest niezb\u0119dno\u015b\u0107 przetwarzania danych do podj\u0119cia dzia\u0142a\u0144 w zakresie procesu rekrutacji, wykonywania umowy.<\/p>\n<p>3.3. OBOWI\u0104ZEK PRAWNY &#8211; w celu wype\u0142nienia obowi\u0105zku prawnego Administratora (art. 6 ust. 1 lit. c RODO oraz art. 9 ust. 2 lit. b RODO w zakresie przetwarzania danych pracownik\u00f3w w zakresie danych szczeg\u00f3lnych kategorii zgodnie z obowi\u0105zkiem prawnym), w szczeg\u00f3lno\u015bci w celu zawarcia i realizacji umowy oraz spe\u0142niania obowi\u0105zk\u00f3w przechowywania Pa\u0144stwa danych po zako\u0144czonym stosunku pracy, innego stosunku cywilnoprawnego, a tak\u017ce w zakresie wype\u0142nienia obowi\u0105zk\u00f3w wynikaj\u0105cych z ustawy o rachunkowo\u015bci dla cel\u00f3w podatkowych i rachunkowych, ubezpiecze\u0144 spo\u0142ecznych i innych obowi\u0105zk\u00f3w wynikaj\u0105cych z przepis\u00f3w prawa pracy czy prawa cywilnego.<\/p>\n<p>3.4. UZASADNIONY INTERES &#8211; w celu wynikaj\u0105cego z prawnie uzasadnionych interes\u00f3w realizowanych przez Administratora lub przez stron\u0119 trzeci\u0105, kt\u00f3ra z naszego upowa\u017cnienia przetwarza dane osobowe w celach procesu rekrutacyjnego os\u00f3b wsp\u00f3\u0142pracuj\u0105cych z Administratorem. Prawnie uzasadnione interesy dot. procesu rekrutacyjnego realizowane przez Nas polegaj\u0105 na oferowaniu Pa\u0144stwu pracy, zlecenia w ramach prowadzonej przez nas dzia\u0142alno\u015bci gospodarczej, jej wykonywania w oparciu o dane usprawniaj\u0105ce funkcjonowanie Administratora (art. 6 ust. 1 lit. f RODO).<\/p>\n<p>Przetwarzamy Pa\u0144stwa dane w zwi\u0105zku z uzasadnionym interesem tak\u017ce w ramach monitoringu poczty s\u0142u\u017cbowej nale\u017c\u0105cych do Administratora.<\/p>\n<p>&nbsp;<\/p>\n<p><strong>4. JAKI MAMY CEL PRZETWARZANIA PA\u0143STWA DANYCH?<\/strong><\/p>\n<p>Pa\u0144stwa dane osobowe s\u0105 przetwarzane w celu realizacji procesu rekrutacji oraz realizacji umowy o prac\u0119, zlecenia przez czas jej trwania oraz przez czas przechowywania Waszych akt pracowniczych w zakresie realizacji umowy o prac\u0119 i innych danych zgodnie z obowi\u0105zuj\u0105cymi przepisami prawa.<\/p>\n<p>&nbsp;<\/p>\n<p><strong>5. OKRES PRZETWARZANIA, PRZECHOWYWANIA DANYCH?<\/strong><\/p>\n<p>5.1. Dane przetwarzanie na podstawie uzasadnionego interesu, dla cel\u00f3w rekrutacyjnych przechowywane s\u0105 przez czas rekrutacji. Je\u015bli nie mamy zgody na przetwarzanie danych w innych rekrutacjach na przysz\u0142o\u015b\u0107 aplikacje usuwane s\u0105 po zako\u0144czeniu procesu rekrutacji, przez czas przedawnienia ewentualnych roszcze\u0144.<\/p>\n<p>5.2. W przypadku zawarcia umowy o prac\u0119, zlecenia, o dzie\u0142o dane b\u0119d\u0105 przetwarzane przez czas wynikaj\u0105cy z obowi\u0105zku prawnego wynikaj\u0105cego z przepis\u00f3w prawa przechowywania akt pracowniczych, a w przypadku innej umowy cywilnoprawnej zwi\u0105zanej z realizacj\u0105 us\u0142ug przez czas przewidziany przepisami prawa dla tego rodzaju umowy, a tak\u017ce przez czas wynikaj\u0105cy z przepis\u00f3w prawa o rachunkowo\u015bci. W przypadku przetwarzania na podstawie zgody \u2013 do czasu jej obowi\u0105zywania.<\/p>\n<p>&nbsp;<\/p>\n<p><strong>6. DLACZEGO NALE\u017bY PRZEKAZA\u0106 DANE OSOBOWE?<\/strong><\/p>\n<p>Podanie danych osobowych w zwi\u0105zku z zawieran\u0105 umow\u0105 o prac\u0119 lub innej umowy cywilnoprawnej zwi\u0105zanej z realizacj\u0105 us\u0142ug jest konieczne do zawarcia i wykonywania umowy, z czym zwi\u0105zany jest tak\u017ce proces rekrutacji, na kt\u00f3ry Pa\u0144stwo z\u0142o\u017cyli\u015bcie aplikacj\u0119 b\u0105d\u017a na poczet przysz\u0142ych rekrutacji zgodnie z Pa\u0144stwa zgod\u0105. Je\u015bli Pa\u0144stwo nie podadz\u0105 tych danych nie b\u0119dzie mo\u017cliwe zawarcie i wykonanie umowy, a tak\u017ce \u015bwiadczenie na Pa\u0144stwa rzecz \u015bwiadcze\u0144 przez Administratora.<br \/>\nW przypadku zgody \u2013 przekazanie danych jest dobrowolne.<\/p>\n<p>&nbsp;<\/p>\n<p><strong>7. CZY PRZEKAZUJEMY PA\u0143STWA DANE DO PA\u0143STW TRZECICH?<\/strong><\/p>\n<p>Dane osobowe mog\u0105 by\u0107 przekazywane do odbiorc\u00f3w w pa\u0144stwach trzecich, tj. poza Europejski Obszar Gospodarczy (EOG) i Unii Europejskiej lub do organizacji mi\u0119dzynarodowych w oparciu o standardowe klauzule umowne zatwierdzone przez Komisj\u0119 Europejsk\u0105, w oparciu o Pa\u0144stwa wyra\u017an\u0105 zgod\u0119 wy\u0142\u0105cznie w celu realizacji us\u0142ug na rzecz Kontrahent\u00f3w Administratora i naszych Wsp\u00f3\u0142pracownik\u00f3w ze sp\u00f3\u0142ek wsp\u00f3\u0142pracuj\u0105cych z nami.<\/p>\n<p>W przypadku korzystania przez nas z umownych klauzul b\u0105d\u017a zg\u00f3d Pracownik\u00f3w informujemy, \u017ce zapewniamy odpowiednie zabezpieczenia danych, a tak\u017ce na wniosek osoby udzielimy za po\u015brednictwem wsp\u00f3\u0142pracownik\u00f3w b\u0105d\u017a kontrahent\u00f3w kopi\u0119 danych.<\/p>\n<p>&nbsp;<\/p>\n<p><strong>8. KTO JEST ODBIORC\u0104 DANYCH?<\/strong><\/p>\n<p>Odbiorcami danych osobowych s\u0105 osoby trzecie, w szczeg\u00f3lno\u015bci partnerzy wsp\u00f3\u0142pracuj\u0105cy<br \/>\nz Administratorom, Klienci, a tak\u017ce podmioty zajmuj\u0105ce si\u0119 obs\u0142ug\u0105 informatyczn\u0105 systemu i sprz\u0119tu Administratora (serwis IT), wspieraj\u0105ce Administratora w \u015bwiadczeniu us\u0142ug drog\u0105 elektroniczn\u0105 (np. audytowe, prawne, BHP, podmioty przetwarzaj\u0105ce dane w ramach umowy powierzenia danych, podmioty \u015bwiadcz\u0105ce us\u0142ugi IT, zak\u0142ady ubezpieczeniowe, banki, hostingodawcy.<\/p>\n<p>Lista odbiorc\u00f3w danych znajduje si\u0119 w odr\u0119bnym za\u0142\u0105czniku.<\/p>\n<p>&nbsp;<\/p>\n<p><strong>9. JAKIE MACIE PA\u0143STWO PRAWA W ZWI\u0104ZKU Z PRZETWARZANIEM PRZEZ NAS DANYCH OSOBOWYCH?<\/strong><\/p>\n<p>W zwi\u0105zku z przetwarzaniem Pa\u0144stwa danych osobowych przys\u0142uguje Pa\u0144stwu prawo do \u017c\u0105dania dost\u0119pu do danych osobowych, do sprostowania danych osobowych, przenoszenia danych, usuni\u0119cia danych osobowych (prawo do bycia zapomnianym), je\u015bli przepisy prawa na to pozwalaj\u0105, ograniczenia przetwarzania danych osobowych, wniesienia sprzeciwu, wniesienia skargi do Prezesa Urz\u0119du Ochrony Danych Osobowych.[\/vc_column_text][vc_empty_space height=&#8221;33px&#8221;][\/vc_column][\/vc_row]<\/p>\n","protected":false},"excerpt":{"rendered":"<p>[vc_row][vc_column][vc_column_text] OBOWI\u0104ZEK INFORMACYJNY \u2013 OG\u00d3LNY PH AMJADI INTERNATIONAL POL SP. Z O.O. SP. K. [\/vc_column_text][vc_empty_space height=&#8221;33px&#8221;][vc_column_text]1. KTO JEST ADMINISTRATOREM DANYCH OSOBOWYCH? Administratorem Pa\u0144stwa danych osobowych jest PH AMJADI INTERNATIONAL POL Sp. z o.o. Sp.k. z siedzib\u0105 w Kaszczorze (64-234) Przem\u0119t, ul. Brzoskwiniowa 7, NIP: 923&#8230;<\/p>\n","protected":false},"author":1,"featured_media":0,"parent":0,"menu_order":0,"comment_status":"open","ping_status":"open","template":"","meta":[],"_links":{"self":[{"href":"https:\/\/amjadi.com\/pl\/wp-json\/wp\/v2\/pages\/365"}],"collection":[{"href":"https:\/\/amjadi.com\/pl\/wp-json\/wp\/v2\/pages"}],"about":[{"href":"https:\/\/amjadi.com\/pl\/wp-json\/wp\/v2\/types\/page"}],"author":[{"embeddable":true,"href":"https:\/\/amjadi.com\/pl\/wp-json\/wp\/v2\/users\/1"}],"replies":[{"embeddable":true,"href":"https:\/\/amjadi.com\/pl\/wp-json\/wp\/v2\/comments?post=365"}],"version-history":[{"count":1,"href":"https:\/\/amjadi.com\/pl\/wp-json\/wp\/v2\/pages\/365\/revisions"}],"predecessor-version":[{"id":482,"href":"https:\/\/amjadi.com\/pl\/wp-json\/wp\/v2\/pages\/365\/revisions\/482"}],"wp:attachment":[{"href":"https:\/\/amjadi.com\/pl\/wp-json\/wp\/v2\/media?parent=365"}],"curies":[{"name":"wp","href":"https:\/\/api.w.org\/{rel}","templated":true}]}}