{"id":30,"date":"2015-08-06T11:13:41","date_gmt":"2015-08-06T11:13:41","guid":{"rendered":"http:\/\/amjadi.com\/pl\/?page_id=30"},"modified":"2024-07-17T10:12:22","modified_gmt":"2024-07-17T08:12:22","slug":"kontakt","status":"publish","type":"page","link":"https:\/\/amjadi.com\/pl\/kontakt\/","title":{"rendered":"KONTAKT"},"content":{"rendered":"<p>[vc_row css_animation=&#8221;&#8221; row_type=&#8221;row&#8221; use_row_as_full_screen_section=&#8221;no&#8221; type=&#8221;full_width&#8221; angled_section=&#8221;no&#8221; text_align=&#8221;left&#8221; background_image_as_pattern=&#8221;without_pattern&#8221; css=&#8221;.vc_custom_1667218700335{margin-top: -5px !important;padding-bottom: 50px !important;}&#8221; z_index=&#8221;&#8221;][vc_column width=&#8221;1\/2&#8243; css=&#8221;.vc_custom_1667218256715{margin-right: 5px !important;margin-left: 5px !important;padding-right: 5px !important;padding-left: 5px !important;}&#8221;][sbs_wpb_openstreetmap map_style=&#8221;OpenStreetMap.DE&#8221; external_link_openstreetmap=&#8221;&#8221; zoom=&#8221;17&#8243; ctrl_mouse_zoom=&#8221;true&#8221; marker_source=&#8221;coordinates&#8221; marker_color=&#8221;black&#8221; latitude=&#8221;49.230845103752415&#8243; longitude=&#8221;6.982604486013256&#8243; marker_latitude=&#8221;49.23087214635501&#8243; marker_longitude=&#8221;6.982604486013256&#8243; marker_icon=&#8221;sbs-map-icon sbs-map-beenhere&#8221;]<\/p>\n<h6>Amjadi GmbH Deutschland<\/h6>\n<p>Metzer Stra\u00dfe 12<br \/>\n66117 Saarbr\u00fccken[\/sbs_wpb_openstreetmap][\/vc_column][vc_column width=&#8221;1\/2&#8243; css=&#8221;.vc_custom_1667218266585{margin-right: 5px !important;margin-left: 5px !important;padding-right: 5px !important;padding-left: 5px !important;}&#8221;][sbs_wpb_openstreetmap map_style=&#8221;OpenStreetMap.DE&#8221; external_link_openstreetmap=&#8221;&#8221; zoom=&#8221;17&#8243; ctrl_mouse_zoom=&#8221;true&#8221; marker_source=&#8221;coordinates&#8221; marker_color=&#8221;black&#8221; latitude=&#8221;51.9587726027658&#8243; longitude=&#8221;16.16800402133604&#8243; marker_latitude=&#8221;51.9587726027658&#8243; marker_longitude=&#8221;16.16800402133604&#8243; marker_icon=&#8221;sbs-map-icon sbs-map-beenhere&#8221;]<\/p>\n<h6>PH Amjadi International-Pol<br \/>\nSp. z o.o. \u2013 Sp. k.<\/h6>\n<p>Kaszczor, ul. Brzoskwiniowa 7[\/sbs_wpb_openstreetmap][\/vc_column][\/vc_row][vc_row css_animation=&#8221;&#8221; row_type=&#8221;row&#8221; use_row_as_full_screen_section=&#8221;no&#8221; type=&#8221;full_width&#8221; angled_section=&#8221;no&#8221; text_align=&#8221;left&#8221; background_image_as_pattern=&#8221;without_pattern&#8221; z_index=&#8221;&#8221; el_class=&#8221;ukryj&#8221;][vc_column width=&#8221;1\/2&#8243;][vc_column_text]<iframe style=\"border: 0;\" src=\"https:\/\/www.google.com\/maps\/embed?pb=!1m18!1m12!1m3!1d2605.4119267032574!2d6.982847492065423!3d49.230678860128776!2m3!1f0!2f0!3f0!3m2!1i1024!2i768!4f13.1!3m3!1m2!1s0x4795b400ad7fa28b%3A0xe064668800c2f7bc!2sMetzer+Str.+12%2C+66117+Saarbr%C3%BCcken%2C+Niemcy!5e0!3m2!1spl!2spl!4v1440070150582\" width=\"100%\" height=\"450\" frameborder=\"0\" allowfullscreen=\"allowfullscreen\"><\/iframe>[\/vc_column_text][\/vc_column][vc_column width=&#8221;1\/2&#8243;][vc_column_text]<iframe style=\"border: 0;\" src=\"https:\/\/www.google.com\/maps\/embed?pb=!1m18!1m12!1m3!1d2923.86484811797!2d16.167448944958032!3d51.95825510650527!2m3!1f0!2f0!3f0!3m2!1i1024!2i768!4f13.1!3m3!1m2!1s0x4705c2f1bb7a8967%3A0xfd587720a7e1607f!2sBrzoskwiniowa+7%2C+64-234+Kaszczor!5e0!3m2!1spl!2spl!4v1439535879525\" width=\"100%\" height=\"450\" frameborder=\"0\" allowfullscreen=\"allowfullscreen\"><\/iframe>[\/vc_column_text][\/vc_column][\/vc_row][vc_row css_animation=&#8221;&#8221; row_type=&#8221;row&#8221; use_row_as_full_screen_section=&#8221;no&#8221; type=&#8221;grid&#8221; angled_section=&#8221;no&#8221; text_align=&#8221;left&#8221; background_image_as_pattern=&#8221;without_pattern&#8221;][vc_column][vc_separator type=&#8221;normal&#8221; up=&#8221;20&#8243; down=&#8221;20&#8243;][\/vc_column][\/vc_row][vc_row css_animation=&#8221;&#8221; row_type=&#8221;row&#8221; use_row_as_full_screen_section=&#8221;no&#8221; type=&#8221;grid&#8221; angled_section=&#8221;no&#8221; text_align=&#8221;left&#8221; background_image_as_pattern=&#8221;without_pattern&#8221; css=&#8221;.vc_custom_1718869094677{padding-bottom: 30px !important;}&#8221; z_index=&#8221;&#8221;][vc_column width=&#8221;1\/4&#8243;][vc_column_text]<\/p>\n<h6 style=\"text-align: center;\"><span style=\"color: #b69b63;\">PH Amjadi International-Pol<\/span><br \/>\n<span style=\"color: #b69b63;\"> Sp. z o.o. &#8211; Sp. k.<\/span><\/h6>\n<p style=\"text-align: center;\">Kaszczor, ul. Brzoskwiniowa 7<br \/>\n64-234 Przem\u0119t<br \/>\nNIP:\u00a0 9231653936<br \/>\ntel. +48 65 54 19 070<br \/>\nfax +48 65 53 42\u00a0988<\/p>\n<p>[\/vc_column_text][\/vc_column][vc_column width=&#8221;1\/4&#8243;][vc_column_text]<\/p>\n<h6 style=\"text-align: center;\"><span style=\"color: #b69b63;\">Sprzeda\u017c &#8211; Polska<\/span><\/h6>\n<p style=\"text-align: center;\">Joanna Ratajczak<br \/>\n<a href=\"&#109;&#x61;&#x69;l&#116;&#x6f;:&#112;&#x6f;l&#115;&#x6b;a&#64;&#x61;&#x6d;&#106;&#x61;&#x64;i&#46;&#x63;o&#109;\">&#x70;&#x6f;&#108;s&#x6b;&#x61;&#64;&#97;m&#x6a;&#x61;&#100;&#105;&#46;&#x63;&#x6f;&#109;<\/a><br \/>\ntel. +48 65 54 19 066<\/p>\n<p>[\/vc_column_text][\/vc_column][vc_column width=&#8221;1\/4&#8243;][vc_column_text]<\/p>\n<h6 style=\"text-align: center;\"><span style=\"color: #b69b63;\">Sekretariat &#8211; Polska<\/span><\/h6>\n<p style=\"text-align: center;\">Marika Nadolna<br \/>\n<a href=\"&#x6d;&#97;i&#x6c;&#116;o&#x3a;&#x73;&#101;&#x6b;&#x72;&#101;t&#x61;&#114;i&#x61;&#x74;&#64;&#x61;&#x6d;&#106;a&#x64;&#105;&#46;&#x63;&#x6f;&#109;\">&#x73;&#x65;&#x6b;&#114;&#101;&#116;ar&#x69;&#x61;&#x74;&#x40;&#97;&#109;ja&#x64;&#x69;&#x2e;&#x63;&#111;&#109;<\/a><br \/>\ntel. +48 65 54 19\u00a0070<\/p>\n<p>[\/vc_column_text][\/vc_column][vc_column width=&#8221;1\/4&#8243;][vc_column_text]<\/p>\n<h6 style=\"text-align: center;\"><span style=\"color: #b69b63;\">\u00a0Ksi\u0119gowo\u015b\u0107 &#8211; Polska<\/span><\/h6>\n<p style=\"text-align: center;\">Agnieszka Schuman<br \/>\n<a href=\"&#x6d;&#x61;&#x69;&#x6c;&#x74;&#x6f;&#x3a;&#x61;&#x67;&#x6e;&#x69;&#x65;&#x73;&#x7a;&#107;&#97;&#46;&#115;&#99;&#104;&#117;&#109;&#97;&#110;&#110;&#64;amjadi&#46;&#x63;&#x6f;&#x6d;\">&#x61;g&#x6e;&#105;&#x65;&#115;z&#x6b;a&#x2e;&#115;&#x63;&#104;u&#x6d;&#97;&#x6e;&#110;&#64;&#x61;m&#x6a;&#97;&#x64;&#105;&#46;&#x63;o&#x6d;<\/a><br \/>\ntel. +48 65 54 19\u00a0062<\/p>\n<p>[\/vc_column_text][\/vc_column][\/vc_row][vc_row css_animation=&#8221;&#8221; row_type=&#8221;row&#8221; use_row_as_full_screen_section=&#8221;no&#8221; type=&#8221;grid&#8221; angled_section=&#8221;no&#8221; text_align=&#8221;left&#8221; background_image_as_pattern=&#8221;without_pattern&#8221;][vc_column width=&#8221;1\/4&#8243;][\/vc_column][vc_column width=&#8221;1\/4&#8243;][vc_column_text]<\/p>\n<h6 style=\"text-align: center;\"><span style=\"color: #ffffff;\">.<\/span><span style=\"color: #b69b63;\">Kierownik produkcji &#8211; Polska<\/span><\/h6>\n<p style=\"text-align: center;\">Andrzej Hoffman<br \/>\ntel. +48 65 54 19 068<\/p>\n<p>[\/vc_column_text][\/vc_column][vc_column width=&#8221;1\/4&#8243;][vc_column_text]<\/p>\n<h6 style=\"text-align: center;\"><span style=\"color: #ffffff;\">.<\/span><span style=\"color: #b69b63;\">HACCP, kontrola jako\u015bci &#8211; Polska<\/span><\/h6>\n<p style=\"text-align: center;\">Ewa Kujawa<br \/>\n<a href=\"&#109;a&#x69;l&#x74;o&#x3a;j&#x61;k&#x6f;s&#x63;&#64;&#x61;&#109;&#x6a;&#97;&#x64;&#105;&#x2e;&#99;&#x6f;&#109;\">&#106;&#97;&#x6b;o&#115;&#x63;&#x40;a&#109;&#x6a;&#x61;d&#105;&#x2e;&#x63;o&#109;<\/a><br \/>\ntel. +48 65 54 19\u00a0065<\/p>\n<p>[\/vc_column_text][\/vc_column][vc_column width=&#8221;1\/4&#8243;][vc_column_text]<\/p>\n<h6 style=\"text-align: center;\"><span style=\"color: #b69b63;\">Kadry &#8211; Polska<\/span><\/h6>\n<p style=\"text-align: center;\"><a href=\"&#x6d;&#x61;&#x69;&#x6c;&#x74;&#x6f;&#x3a;&#x6b;&#97;&#100;&#114;&#121;&#64;&#97;&#109;jadi&#x2e;&#x63;&#x6f;&#x6d;\">&#x6b;&#x61;&#100;r&#x79;&#x40;&#97;&#109;j&#x61;&#x64;&#105;&#46;c&#x6f;&#x6d;<\/a><br \/>\ntel. +48 65 54 19\u00a0071<\/p>\n<p>[\/vc_column_text][\/vc_column][\/vc_row][vc_row css_animation=&#8221;&#8221; row_type=&#8221;row&#8221; use_row_as_full_screen_section=&#8221;no&#8221; type=&#8221;grid&#8221; angled_section=&#8221;no&#8221; text_align=&#8221;left&#8221; background_image_as_pattern=&#8221;without_pattern&#8221;][vc_column][vc_separator type=&#8221;normal&#8221; up=&#8221;20&#8243; down=&#8221;20&#8243;][\/vc_column][\/vc_row][vc_row css_animation=&#8221;&#8221; row_type=&#8221;row&#8221; use_row_as_full_screen_section=&#8221;no&#8221; type=&#8221;grid&#8221; angled_section=&#8221;no&#8221; text_align=&#8221;left&#8221; background_image_as_pattern=&#8221;without_pattern&#8221; css=&#8221;.vc_custom_1718869165888{padding-top: 40px !important;}&#8221; z_index=&#8221;&#8221;][vc_column][vc_column_text css=&#8221;.vc_custom_1588588836059{padding-top: 20px !important;padding-bottom: 20px !important;}&#8221;]<\/p>\n<h6 style=\"text-align: center;\"><span style=\"color: #b69b63;\">Zarz\u0105d firmy :<\/span><\/h6>\n<p>[\/vc_column_text][\/vc_column][vc_column width=&#8221;1\/2&#8243; css=&#8221;.vc_custom_1588588857224{padding-top: 20px !important;padding-bottom: 20px !important;}&#8221;][vc_column_text]<\/p>\n<p style=\"text-align: center;\">Saied Amjadi<\/p>\n<p style=\"text-align: center;\"><a href=\"mail&#116;&#111;&#58;&#115;&#97;&#x69;&#x65;&#x64;&#x40;&#x61;&#x6d;&#x6a;adi&#46;&#99;&#111;&#109;\">&#x73;&#97;i&#x65;&#100;&#64;&#x61;&#x6d;&#106;&#x61;&#x64;&#105;&#46;&#x63;&#111;m<\/a><\/p>\n<p>[\/vc_column_text][\/vc_column][vc_column width=&#8221;1\/2&#8243; css=&#8221;.vc_custom_1588588867357{padding-top: 20px !important;padding-bottom: 20px !important;}&#8221;][vc_column_text]<\/p>\n<p style=\"text-align: center;\">Majid Amjadi<\/p>\n<p style=\"text-align: center;\"><a href=\"&#x6d;a&#x69;&#108;&#x74;&#111;&#x3a;&#x6d;a&#x6a;&#105;&#x64;&#64;&#x61;&#109;j&#x61;&#100;&#x69;&#46;&#x63;&#111;m\"> &#x6d;&#x61;&#x6a;&#x69;&#x64;&#x40;&#97;&#109;&#106;&#97;di&#46;c&#x6f;&#x6d;<\/a><\/p>\n<p>[\/vc_column_text][\/vc_column][\/vc_row][vc_row css_animation=&#8221;&#8221; row_type=&#8221;row&#8221; use_row_as_full_screen_section=&#8221;no&#8221; type=&#8221;grid&#8221; angled_section=&#8221;no&#8221; text_align=&#8221;left&#8221; background_image_as_pattern=&#8221;without_pattern&#8221;][vc_column][vc_separator type=&#8221;normal&#8221; up=&#8221;20&#8243; down=&#8221;20&#8243;][\/vc_column][\/vc_row][vc_row css_animation=&#8221;&#8221; row_type=&#8221;row&#8221; use_row_as_full_screen_section=&#8221;no&#8221; type=&#8221;grid&#8221; angled_section=&#8221;no&#8221; text_align=&#8221;left&#8221; background_image_as_pattern=&#8221;without_pattern&#8221; css=&#8221;.vc_custom_1718869172770{padding-bottom: 40px !important;}&#8221; z_index=&#8221;&#8221;][vc_column width=&#8221;1\/4&#8243;][vc_column_text]<\/p>\n<h6 style=\"text-align: center;\"><span style=\"color: #b69b63;\">Amjadi GmbH Deutschland<\/span><\/h6>\n<p style=\"text-align: center;\">Metzer Stra\u00dfe 12<br \/>\n66117 Saarbr\u00fccken<br \/>\nDE138157883<br \/>\n&#x69;&#110;&#x66;&#x6f;&#64;&#x61;&#109;j&#x61;&#100;i&#x2e;&#99;&#x6f;&#x6d;<br \/>\ntel. +49681 8412120<br \/>\nfax. +49681 8412122<\/p>\n<p>[\/vc_column_text][\/vc_column][vc_column width=&#8221;1\/4&#8243;][vc_column_text]<\/p>\n<h6 style=\"text-align: center;\"><span style=\"color: #b69b63;\">Asystentka dyrektora\/ Sprzeda\u017c &#8211; Niemcy<\/span><\/h6>\n<p style=\"text-align: center;\">Vahideh Amjadi<br \/>\n<a href=\"m&#97;&#105;&#108;&#x74;&#x6f;&#x3a;in&#102;&#111;&#x40;&#x61;&#x6d;&#x6a;ad&#105;&#46;&#x63;&#x6f;&#x6d;\">&#105;&#110;&#x66;&#x6f;&#64;&#97;&#x6d;&#x6a;&#97;&#100;&#x69;&#x2e;&#99;&#111;&#x6d;<\/a><br \/>\ntel. +49 681 8412120<\/p>\n<p style=\"text-align: center;\"><span style=\"color: #ffffff;\">.<\/span><\/p>\n<h6 style=\"text-align: center;\"><span style=\"color: #b69b63;\">Sekretariat &#8211; Niemcy<\/span><\/h6>\n<p style=\"text-align: center;\">Mehrnoush Mesbah-Kiefer<br \/>\n<a href=\"&#109;&#x61;&#105;&#x6c;&#116;&#x6f;&#58;&#x69;&#110;&#x66;&#111;&#x40;&#97;&#x6d;&#106;&#x61;&#100;&#x69;&#46;&#x63;&#111;&#x6d;\">&#105;&#x6e;f&#111;&#x40;a&#x6d;&#x6a;&#97;&#x64;i&#46;&#x63;o&#109;<\/a><br \/>\ntel. +49 681 8412120<\/p>\n<p>[\/vc_column_text][\/vc_column][vc_column width=&#8221;1\/4&#8243;][vc_column_text]<\/p>\n<h6 style=\"text-align: center;\"><span style=\"color: #b69b63;\">Ksi\u0119gowo\u015b\u0107 &#8211; Niemcy<\/span><\/h6>\n<p style=\"text-align: center;\">Georg Hemmerling<br \/>\n<a href=\"&#x6d;&#97;i&#x6c;&#116;o&#x3a;&#105;n&#x66;&#111;&#64;&#x61;&#109;j&#x61;&#x64;i&#x2e;&#x63;&#111;&#x6d;\">in&#102;&#111;&#x40;&#x61;&#x6d;&#x6a;ad&#105;&#46;&#x63;&#x6f;&#x6d;<\/a><br \/>\ntel. +49 681 8412120<\/p>\n<p>[\/vc_column_text][\/vc_column][vc_column width=&#8221;1\/4&#8243;][vc_column_text]<\/p>\n<h6 style=\"text-align: center;\"><span style=\"color: #b69b63;\"><span class=\"VIiyi\" lang=\"pl\"><span class=\"JLqJ4b ChMk0b\" data-language-for-alternatives=\"pl\" data-language-to-translate-into=\"de\" data-phrase-index=\"0\">Kierownik dzia\u0142u IT<\/span><\/span>\u00a0<\/span><\/h6>\n<p style=\"text-align: center;\">Jan Stieling<br \/>\n<a href=\"m&#97;&#x69;&#x6c;t&#111;&#x3a;&#x6a;a&#110;&#x2e;&#x70;h&#105;&#x6c;&#x69;p&#112;&#x2e;&#x73;t&#105;&#101;&#x6c;&#x69;n&#103;&#x40;&#x61;m&#106;&#x61;&#x64;i&#46;&#x63;&#x6f;m\">&#106;&#x61;n&#46;&#x70;h&#105;&#x6c;i&#x70;&#x70;&#46;&#x73;t&#105;&#x65;l&#105;&#x6e;g&#x40;&#x61;&#109;&#x6a;&#x61;&#100;&#x69;&#46;&#99;&#x6f;m<\/a><br \/>\ntel. +49 681 8412120<\/p>\n<p>[\/vc_column_text][\/vc_column][\/vc_row][vc_row css_animation=&#8221;&#8221; row_type=&#8221;row&#8221; use_row_as_full_screen_section=&#8221;no&#8221; type=&#8221;grid&#8221; angled_section=&#8221;no&#8221; text_align=&#8221;left&#8221; background_image_as_pattern=&#8221;without_pattern&#8221;][vc_column][vc_empty_space][\/vc_column][\/vc_row]<\/p>\n","protected":false},"excerpt":{"rendered":"<p>[vc_row css_animation=&#8221;&#8221; row_type=&#8221;row&#8221; use_row_as_full_screen_section=&#8221;no&#8221; type=&#8221;full_width&#8221; angled_section=&#8221;no&#8221; text_align=&#8221;left&#8221; background_image_as_pattern=&#8221;without_pattern&#8221; css=&#8221;.vc_custom_1667218700335{margin-top: -5px !important;padding-bottom: 50px !important;}&#8221; z_index=&#8221;&#8221;][vc_column width=&#8221;1\/2&#8243; css=&#8221;.vc_custom_1667218256715{margin-right: 5px !important;margin-left: 5px !important;padding-right: 5px !important;padding-left: 5px !important;}&#8221;][sbs_wpb_openstreetmap map_style=&#8221;OpenStreetMap.DE&#8221; external_link_openstreetmap=&#8221;&#8221; zoom=&#8221;17&#8243; ctrl_mouse_zoom=&#8221;true&#8221; marker_source=&#8221;coordinates&#8221; marker_color=&#8221;black&#8221; latitude=&#8221;49.230845103752415&#8243; longitude=&#8221;6.982604486013256&#8243; marker_latitude=&#8221;49.23087214635501&#8243; marker_longitude=&#8221;6.982604486013256&#8243; marker_icon=&#8221;sbs-map-icon sbs-map-beenhere&#8221;] Amjadi GmbH Deutschland Metzer Stra\u00dfe 12 66117 Saarbr\u00fccken[\/sbs_wpb_openstreetmap][\/vc_column][vc_column width=&#8221;1\/2&#8243;&#8230;<\/p>\n","protected":false},"author":1,"featured_media":0,"parent":0,"menu_order":0,"comment_status":"open","ping_status":"open","template":"full_width.php","meta":[],"_links":{"self":[{"href":"https:\/\/amjadi.com\/pl\/wp-json\/wp\/v2\/pages\/30"}],"collection":[{"href":"https:\/\/amjadi.com\/pl\/wp-json\/wp\/v2\/pages"}],"about":[{"href":"https:\/\/amjadi.com\/pl\/wp-json\/wp\/v2\/types\/page"}],"author":[{"embeddable":true,"href":"https:\/\/amjadi.com\/pl\/wp-json\/wp\/v2\/users\/1"}],"replies":[{"embeddable":true,"href":"https:\/\/amjadi.com\/pl\/wp-json\/wp\/v2\/comments?post=30"}],"version-history":[{"count":12,"href":"https:\/\/amjadi.com\/pl\/wp-json\/wp\/v2\/pages\/30\/revisions"}],"predecessor-version":[{"id":480,"href":"https:\/\/amjadi.com\/pl\/wp-json\/wp\/v2\/pages\/30\/revisions\/480"}],"wp:attachment":[{"href":"https:\/\/amjadi.com\/pl\/wp-json\/wp\/v2\/media?parent=30"}],"curies":[{"name":"wp","href":"https:\/\/api.w.org\/{rel}","templated":true}]}}