{"id":249,"date":"2015-08-28T12:32:42","date_gmt":"2015-08-28T10:32:42","guid":{"rendered":"http:\/\/amjadi.com\/pl\/?page_id=249"},"modified":"2024-07-17T10:01:02","modified_gmt":"2024-07-17T08:01:02","slug":"aktualnosci","status":"publish","type":"page","link":"https:\/\/amjadi.com\/pl\/aktualnosci\/","title":{"rendered":"Aktualno\u015bci"},"content":{"rendered":"<p>[vc_row][vc_column width=&#8221;1\/1&#8243;]<div class='q_masonry_blog'><div class=\"q_masonry_blog_grid_sizer\"><\/div><div class=\"q_masonry_blog_grid_gutter\"><\/div><article  class='post-427 post type-post status-publish format-standard hentry category-aktualnosci '><div class=\"q_masonry_blog_post_image\"><\/div><div class=\"q_masonry_blog_post_text\"><h6 itemprop=\"name\" class=\"q_masonry_blog_title entry_title\"><a itemprop=\"url\" href=\"https:\/\/amjadi.com\/pl\/amjadi-iffa-2019\/\">Serdecznie dzi\u0119kujemy za odwiedzenie naszego stoiska.<\/a><\/h6><p itemprop=\"description\" class=\"q_masonry_blog_excerpt\">W dniach 04.05. - 09.05.2019 wzi\u0119li\u015bmy udzia\u0142 w targach IFFA w Frankfurcie nad Menem....<\/p><div class=\"q_masonry_blog_post_info\"><span itemprop=\"dateCreated\" class=\"time entry_date updated\">12 maja, 2019<meta itemprop=\"interactionCount\" content=\"UserComments: <?php echo get_comments_number(qode_get_page_id()); ?>\"\/><\/span><\/div><\/div><\/article><\/div>[\/vc_column][\/vc_row]<\/p>\n","protected":false},"excerpt":{"rendered":"<p>[vc_row][vc_column width=&#8221;1\/1&#8243;][\/vc_column][\/vc_row]<\/p>\n","protected":false},"author":1,"featured_media":0,"parent":0,"menu_order":0,"comment_status":"open","ping_status":"open","template":"","meta":[],"_links":{"self":[{"href":"https:\/\/amjadi.com\/pl\/wp-json\/wp\/v2\/pages\/249"}],"collection":[{"href":"https:\/\/amjadi.com\/pl\/wp-json\/wp\/v2\/pages"}],"about":[{"href":"https:\/\/amjadi.com\/pl\/wp-json\/wp\/v2\/types\/page"}],"author":[{"embeddable":true,"href":"https:\/\/amjadi.com\/pl\/wp-json\/wp\/v2\/users\/1"}],"replies":[{"embeddable":true,"href":"https:\/\/amjadi.com\/pl\/wp-json\/wp\/v2\/comments?post=249"}],"version-history":[{"count":1,"href":"https:\/\/amjadi.com\/pl\/wp-json\/wp\/v2\/pages\/249\/revisions"}],"predecessor-version":[{"id":481,"href":"https:\/\/amjadi.com\/pl\/wp-json\/wp\/v2\/pages\/249\/revisions\/481"}],"wp:attachment":[{"href":"https:\/\/amjadi.com\/pl\/wp-json\/wp\/v2\/media?parent=249"}],"curies":[{"name":"wp","href":"https:\/\/api.w.org\/{rel}","templated":true}]}}