{"id":23,"date":"2015-08-06T11:13:00","date_gmt":"2015-08-06T11:13:00","guid":{"rendered":"http:\/\/amjadi.com\/pl\/?page_id=23"},"modified":"2024-07-17T10:02:33","modified_gmt":"2024-07-17T08:02:33","slug":"firma","status":"publish","type":"page","link":"https:\/\/amjadi.com\/pl\/firma\/","title":{"rendered":"FIRMA"},"content":{"rendered":"<p>[vc_row css_animation=&#8221;&#8221; row_type=&#8221;row&#8221; use_row_as_full_screen_section=&#8221;no&#8221; type=&#8221;full_width&#8221; angled_section=&#8221;no&#8221; text_align=&#8221;left&#8221; background_image_as_pattern=&#8221;without_pattern&#8221;][vc_column][vc_column_text]<img loading=\"lazy\" class=\"alignnone wp-image-179 size-full\" src=\"http:\/\/amjadi.com\/pl\/wp-content\/uploads\/2015\/08\/MG_3052x1.jpg\" alt=\"\" width=\"1920\" height=\"546\" \/>[\/vc_column_text][\/vc_column][\/vc_row][vc_row css_animation=&#8221;&#8221; row_type=&#8221;row&#8221; use_row_as_full_screen_section=&#8221;no&#8221; type=&#8221;grid&#8221; angled_section=&#8221;no&#8221; text_align=&#8221;left&#8221; background_image_as_pattern=&#8221;without_pattern&#8221;][vc_column][vc_separator type=&#8221;normal&#8221; up=&#8221;20&#8243; down=&#8221;20&#8243;][\/vc_column][\/vc_row][vc_row css_animation=&#8221;element_from_left&#8221; row_type=&#8221;row&#8221; use_row_as_full_screen_section=&#8221;no&#8221; type=&#8221;grid&#8221; angled_section=&#8221;no&#8221; text_align=&#8221;left&#8221; background_image_as_pattern=&#8221;without_pattern&#8221;][vc_column width=&#8221;1\/4&#8243;][vc_column_text]<img loading=\"lazy\" class=\"alignnone wp-image-71 size-medium\" src=\"http:\/\/amjadi.com\/pl\/wp-content\/uploads\/2015\/08\/ptasznik_img_2391_i3kixvydm5-300x300.jpg\" alt=\"ptasznik_img_2391_i3kixvydm5\" width=\"300\" height=\"300\" srcset=\"https:\/\/amjadi.com\/pl\/wp-content\/uploads\/2015\/08\/ptasznik_img_2391_i3kixvydm5-300x300.jpg 300w, https:\/\/amjadi.com\/pl\/wp-content\/uploads\/2015\/08\/ptasznik_img_2391_i3kixvydm5-150x150.jpg 150w, https:\/\/amjadi.com\/pl\/wp-content\/uploads\/2015\/08\/ptasznik_img_2391_i3kixvydm5-570x570.jpg 570w, https:\/\/amjadi.com\/pl\/wp-content\/uploads\/2015\/08\/ptasznik_img_2391_i3kixvydm5-500x500.jpg 500w, https:\/\/amjadi.com\/pl\/wp-content\/uploads\/2015\/08\/ptasznik_img_2391_i3kixvydm5.jpg 628w\" sizes=\"(max-width: 300px) 100vw, 300px\" \/>[\/vc_column_text][\/vc_column][vc_column width=&#8221;1\/4&#8243;][vc_empty_space][vc_column_text]Firma Amjadi ju\u017c od trzech pokole\u0144 oferuje jelita naturalne. Jelita baranie sprowadzane s\u0105 z w\u0142asnych oraz zaprzyja\u017anionych zak\u0142ad\u00f3w produkcyjnych.<br \/>\nW latach 60tych prowadzeniem firmy zajmowa\u0142 si\u0119 Asghar Amjadi.[\/vc_column_text][\/vc_column][vc_column width=&#8221;1\/4&#8243;][vc_column_text]<img loading=\"lazy\" class=\"alignnone wp-image-68 size-medium\" src=\"http:\/\/amjadi.com\/pl\/wp-content\/uploads\/2015\/08\/MG_2951_72dpi-300x300.jpg\" alt=\"_MG_2951_72dpi\" width=\"300\" height=\"300\" srcset=\"https:\/\/amjadi.com\/pl\/wp-content\/uploads\/2015\/08\/MG_2951_72dpi-300x300.jpg 300w, https:\/\/amjadi.com\/pl\/wp-content\/uploads\/2015\/08\/MG_2951_72dpi-150x150.jpg 150w, https:\/\/amjadi.com\/pl\/wp-content\/uploads\/2015\/08\/MG_2951_72dpi-500x500.jpg 500w, https:\/\/amjadi.com\/pl\/wp-content\/uploads\/2015\/08\/MG_2951_72dpi.jpg 536w\" sizes=\"(max-width: 300px) 100vw, 300px\" \/>[\/vc_column_text][\/vc_column][vc_column width=&#8221;1\/4&#8243;][vc_empty_space height=&#8221;42px&#8221;][vc_column_text]W latach 80tych do firmy do\u0142\u0105czyli tak\u017ce synowie \u2013 Saied Amjadi i Majid Amjadi jako dyrektorzy przedsi\u0119biorstwa.\u00a0Wtedy w\u0142a\u015bnieza\u0142o\u017cyli w Europie, a dok\u0142adniej w Niemczech sp\u00f3\u0142k\u0119 Amjadi GmbH.[\/vc_column_text][\/vc_column][\/vc_row][vc_row css_animation=&#8221;&#8221; row_type=&#8221;row&#8221; use_row_as_full_screen_section=&#8221;no&#8221; type=&#8221;grid&#8221; angled_section=&#8221;no&#8221; text_align=&#8221;left&#8221; background_image_as_pattern=&#8221;without_pattern&#8221;][vc_column][vc_separator type=&#8221;normal&#8221; up=&#8221;20&#8243; down=&#8221;20&#8243;][\/vc_column][\/vc_row][vc_row css_animation=&#8221;element_from_left&#8221; row_type=&#8221;row&#8221; use_row_as_full_screen_section=&#8221;no&#8221; type=&#8221;grid&#8221; angled_section=&#8221;no&#8221; text_align=&#8221;left&#8221; background_image_as_pattern=&#8221;without_pattern&#8221;][vc_column width=&#8221;1\/4&#8243;][vc_empty_space][vc_column_text]Amjadi GmbH powi\u0119kszy\u0142o swoj\u0105 dzia\u0142alno\u015b\u0107 w roku 2004, po rozszerzeniu Unii Europejskiej na wsch\u00f3d i otworzy\u0142o zak\u0142ad produkcyjny w Polsce.\u00a0Firma Amjadi jest dostawc\u0105 jelit naturalnych baranich najwy\u017cszej jako\u015bci na terenie ca\u0142ej UE.[\/vc_column_text][\/vc_column][vc_column width=&#8221;1\/4&#8243;][vc_column_text]<img loading=\"lazy\" class=\"alignnone wp-image-69 size-medium\" src=\"http:\/\/amjadi.com\/pl\/wp-content\/uploads\/2015\/08\/MG_3028d_72dpi-300x300.jpg\" alt=\"_MG_3028d_72dpi\" width=\"300\" height=\"300\" srcset=\"https:\/\/amjadi.com\/pl\/wp-content\/uploads\/2015\/08\/MG_3028d_72dpi-300x300.jpg 300w, https:\/\/amjadi.com\/pl\/wp-content\/uploads\/2015\/08\/MG_3028d_72dpi-150x150.jpg 150w, https:\/\/amjadi.com\/pl\/wp-content\/uploads\/2015\/08\/MG_3028d_72dpi-570x570.jpg 570w, https:\/\/amjadi.com\/pl\/wp-content\/uploads\/2015\/08\/MG_3028d_72dpi-500x500.jpg 500w, https:\/\/amjadi.com\/pl\/wp-content\/uploads\/2015\/08\/MG_3028d_72dpi.jpg 600w\" sizes=\"(max-width: 300px) 100vw, 300px\" \/>.[\/vc_column_text][\/vc_column][vc_column width=&#8221;1\/4&#8243;][vc_empty_space height=&#8221;52px&#8221;][vc_column_text]Wysok\u0105 jako\u015b\u0107 naszych produkt\u00f3w zawdzi\u0119czamy ich pochodzeniu, na kt\u00f3re ma wp\u0142yw r\u00f3wnie\u017c rasa, spos\u00f3b od\u017cywiania i hodowli zwierz\u0105t.[\/vc_column_text][\/vc_column][vc_column width=&#8221;1\/4&#8243;][vc_column_text]<img loading=\"lazy\" class=\"alignnone wp-image-70 size-medium\" src=\"http:\/\/amjadi.com\/pl\/wp-content\/uploads\/2015\/08\/MG_3161_72dpi-300x300.jpg\" alt=\"_MG_3161_72dpi\" width=\"300\" height=\"300\" srcset=\"https:\/\/amjadi.com\/pl\/wp-content\/uploads\/2015\/08\/MG_3161_72dpi-300x300.jpg 300w, https:\/\/amjadi.com\/pl\/wp-content\/uploads\/2015\/08\/MG_3161_72dpi-150x150.jpg 150w, https:\/\/amjadi.com\/pl\/wp-content\/uploads\/2015\/08\/MG_3161_72dpi.jpg 463w\" sizes=\"(max-width: 300px) 100vw, 300px\" \/>[\/vc_column_text][\/vc_column][\/vc_row]<\/p>\n","protected":false},"excerpt":{"rendered":"<p>[vc_row css_animation=&#8221;&#8221; row_type=&#8221;row&#8221; use_row_as_full_screen_section=&#8221;no&#8221; type=&#8221;full_width&#8221; angled_section=&#8221;no&#8221; text_align=&#8221;left&#8221; background_image_as_pattern=&#8221;without_pattern&#8221;][vc_column][vc_column_text][\/vc_column_text][\/vc_column][\/vc_row][vc_row css_animation=&#8221;&#8221; row_type=&#8221;row&#8221; use_row_as_full_screen_section=&#8221;no&#8221; type=&#8221;grid&#8221; angled_section=&#8221;no&#8221; text_align=&#8221;left&#8221; background_image_as_pattern=&#8221;without_pattern&#8221;][vc_column][vc_separator type=&#8221;normal&#8221; up=&#8221;20&#8243; down=&#8221;20&#8243;][\/vc_column][\/vc_row][vc_row css_animation=&#8221;element_from_left&#8221; row_type=&#8221;row&#8221; use_row_as_full_screen_section=&#8221;no&#8221; type=&#8221;grid&#8221; angled_section=&#8221;no&#8221; text_align=&#8221;left&#8221; background_image_as_pattern=&#8221;without_pattern&#8221;][vc_column width=&#8221;1\/4&#8243;][vc_column_text][\/vc_column_text][\/vc_column][vc_column width=&#8221;1\/4&#8243;][vc_empty_space][vc_column_text]Firma Amjadi ju\u017c od trzech pokole\u0144 oferuje jelita naturalne. Jelita baranie sprowadzane s\u0105 z w\u0142asnych oraz zaprzyja\u017anionych zak\u0142ad\u00f3w produkcyjnych&#8230;.<\/p>\n","protected":false},"author":1,"featured_media":0,"parent":0,"menu_order":0,"comment_status":"open","ping_status":"open","template":"full_width.php","meta":[],"_links":{"self":[{"href":"https:\/\/amjadi.com\/pl\/wp-json\/wp\/v2\/pages\/23"}],"collection":[{"href":"https:\/\/amjadi.com\/pl\/wp-json\/wp\/v2\/pages"}],"about":[{"href":"https:\/\/amjadi.com\/pl\/wp-json\/wp\/v2\/types\/page"}],"author":[{"embeddable":true,"href":"https:\/\/amjadi.com\/pl\/wp-json\/wp\/v2\/users\/1"}],"replies":[{"embeddable":true,"href":"https:\/\/amjadi.com\/pl\/wp-json\/wp\/v2\/comments?post=23"}],"version-history":[{"count":2,"href":"https:\/\/amjadi.com\/pl\/wp-json\/wp\/v2\/pages\/23\/revisions"}],"predecessor-version":[{"id":471,"href":"https:\/\/amjadi.com\/pl\/wp-json\/wp\/v2\/pages\/23\/revisions\/471"}],"wp:attachment":[{"href":"https:\/\/amjadi.com\/pl\/wp-json\/wp\/v2\/media?parent=23"}],"curies":[{"name":"wp","href":"https:\/\/api.w.org\/{rel}","templated":true}]}}