{"id":21,"date":"2015-08-06T11:12:48","date_gmt":"2015-08-06T11:12:48","guid":{"rendered":"http:\/\/amjadi.com\/pl\/?page_id=21"},"modified":"2024-07-17T10:15:53","modified_gmt":"2024-07-17T08:15:53","slug":"produkty-2","status":"publish","type":"page","link":"https:\/\/amjadi.com\/pl\/produkty-2\/","title":{"rendered":"PRODUKTY"},"content":{"rendered":"<p>[vc_row css_animation=&#8221;&#8221; row_type=&#8221;row&#8221; use_row_as_full_screen_section=&#8221;no&#8221; type=&#8221;full_width&#8221; angled_section=&#8221;no&#8221; text_align=&#8221;left&#8221; background_image_as_pattern=&#8221;without_pattern&#8221;][vc_column][vc_column_text]<img loading=\"lazy\" class=\"alignnone wp-image-104 size-full\" src=\"http:\/\/amjadi.com\/pl\/wp-content\/uploads\/2015\/08\/MG_3020.jpg\" alt=\"_MG_3020\" width=\"1920\" height=\"693\" srcset=\"https:\/\/amjadi.com\/pl\/wp-content\/uploads\/2015\/08\/MG_3020.jpg 1920w, https:\/\/amjadi.com\/pl\/wp-content\/uploads\/2015\/08\/MG_3020-300x108.jpg 300w, https:\/\/amjadi.com\/pl\/wp-content\/uploads\/2015\/08\/MG_3020-1024x369.jpg 1024w, https:\/\/amjadi.com\/pl\/wp-content\/uploads\/2015\/08\/MG_3020-700x252.jpg 700w\" sizes=\"(max-width: 1920px) 100vw, 1920px\" \/>[\/vc_column_text][\/vc_column][\/vc_row][vc_row css_animation=&#8221;&#8221; row_type=&#8221;row&#8221; use_row_as_full_screen_section=&#8221;no&#8221; type=&#8221;full_width&#8221; angled_section=&#8221;no&#8221; text_align=&#8221;left&#8221; background_image_as_pattern=&#8221;without_pattern&#8221;][vc_column][vc_separator type=&#8221;normal&#8221; up=&#8221;20&#8243; down=&#8221;20&#8243;][\/vc_column][\/vc_row][vc_row css_animation=&#8221;&#8221; row_type=&#8221;row&#8221; use_row_as_full_screen_section=&#8221;no&#8221; type=&#8221;grid&#8221; angled_section=&#8221;no&#8221; text_align=&#8221;left&#8221; background_image_as_pattern=&#8221;without_pattern&#8221;][vc_column][vc_column_text]<\/p>\n<h6 style=\"text-align: center;\">Nasza firma oferuje najlepszej jako\u015bci jelita baranie.<\/h6>\n<h6 style=\"text-align: center;\">Oferta obejmuje:<\/h6>\n<p>[\/vc_column_text][\/vc_column][\/vc_row][vc_row css_animation=&#8221;&#8221; row_type=&#8221;row&#8221; use_row_as_full_screen_section=&#8221;no&#8221; type=&#8221;full_width&#8221; angled_section=&#8221;no&#8221; text_align=&#8221;left&#8221; background_image_as_pattern=&#8221;without_pattern&#8221;][vc_column][vc_empty_space][\/vc_column][\/vc_row][vc_row css_animation=&#8221;element_from_bottom&#8221; row_type=&#8221;row&#8221; use_row_as_full_screen_section=&#8221;no&#8221; type=&#8221;grid&#8221; angled_section=&#8221;no&#8221; text_align=&#8221;left&#8221; background_image_as_pattern=&#8221;without_pattern&#8221;][vc_column width=&#8221;1\/3&#8243;][vc_column_text]<img loading=\"lazy\" class=\"alignnone wp-image-79 size-full\" src=\"http:\/\/amjadi.com\/pl\/wp-content\/uploads\/2015\/08\/MG_3344_72dpi.jpg\" alt=\"_MG_3344_72dpi\" width=\"500\" height=\"500\" srcset=\"https:\/\/amjadi.com\/pl\/wp-content\/uploads\/2015\/08\/MG_3344_72dpi.jpg 500w, https:\/\/amjadi.com\/pl\/wp-content\/uploads\/2015\/08\/MG_3344_72dpi-150x150.jpg 150w, https:\/\/amjadi.com\/pl\/wp-content\/uploads\/2015\/08\/MG_3344_72dpi-300x300.jpg 300w\" sizes=\"(max-width: 500px) 100vw, 500px\" \/>[\/vc_column_text][vc_column_text]<\/p>\n<ul>\n<li style=\"text-align: left;\">jelita baranie w zalewie w pojemnikach plastikowych po 1 p\u0119ku,<\/li>\n<li style=\"text-align: left;\">jelita baranie suche solone w beczkach,<\/li>\n<\/ul>\n<p>[\/vc_column_text][\/vc_column][vc_column width=&#8221;1\/3&#8243;][vc_column_text]<img loading=\"lazy\" class=\"alignnone wp-image-106 size-full\" src=\"http:\/\/amjadi.com\/pl\/wp-content\/uploads\/2015\/08\/produkt.jpg\" alt=\"produkt\" width=\"500\" height=\"500\" srcset=\"https:\/\/amjadi.com\/pl\/wp-content\/uploads\/2015\/08\/produkt.jpg 500w, https:\/\/amjadi.com\/pl\/wp-content\/uploads\/2015\/08\/produkt-150x150.jpg 150w, https:\/\/amjadi.com\/pl\/wp-content\/uploads\/2015\/08\/produkt-300x300.jpg 300w\" sizes=\"(max-width: 500px) 100vw, 500px\" \/>[\/vc_column_text][vc_column_text]<\/p>\n<ul>\n<li>jelita baranie na rurkach w zalewie, pakowane w skrzynce plastikowej E2 po 20 p\u0119k\u00f3w,<\/li>\n<\/ul>\n<p>[\/vc_column_text][\/vc_column][vc_column width=&#8221;1\/3&#8243;][vc_column_text]<img loading=\"lazy\" class=\"alignnone wp-image-187 size-full\" src=\"http:\/\/amjadi.com\/pl\/wp-content\/uploads\/2015\/08\/MG_3217_72dpi.jpg\" alt=\"\" width=\"500\" height=\"500\" \/>[\/vc_column_text][vc_column_text]<\/p>\n<ul>\n<li style=\"text-align: left;\">jelita baranie na paskach, pakowane w skrzynce palstikowej E2 po 20 p\u0119k\u00f3w,<\/li>\n<li style=\"text-align: left;\">k\u0105tnice baranie suche solone<\/li>\n<\/ul>\n<p>[\/vc_column_text][\/vc_column][\/vc_row][vc_row css_animation=&#8221;&#8221; row_type=&#8221;row&#8221; use_row_as_full_screen_section=&#8221;no&#8221; type=&#8221;full_width&#8221; angled_section=&#8221;no&#8221; text_align=&#8221;left&#8221; background_image_as_pattern=&#8221;without_pattern&#8221;][vc_column][vc_empty_space][vc_column_text]<\/p>\n<h6 style=\"text-align: center;\">Ch\u0119tnie wy\u015blemy Pa\u0144stwu pr\u00f3by Naszych Produkt\u00f3w.<\/h6>\n<p>[\/vc_column_text][\/vc_column][\/vc_row][vc_row css_animation=&#8221;&#8221; row_type=&#8221;row&#8221; use_row_as_full_screen_section=&#8221;no&#8221; type=&#8221;full_width&#8221; angled_section=&#8221;no&#8221; text_align=&#8221;left&#8221; background_image_as_pattern=&#8221;without_pattern&#8221;][vc_column][vc_separator type=&#8221;normal&#8221; up=&#8221;20&#8243; down=&#8221;20&#8243;][\/vc_column][\/vc_row]<\/p>\n","protected":false},"excerpt":{"rendered":"<p>[vc_row css_animation=&#8221;&#8221; row_type=&#8221;row&#8221; use_row_as_full_screen_section=&#8221;no&#8221; type=&#8221;full_width&#8221; angled_section=&#8221;no&#8221; text_align=&#8221;left&#8221; background_image_as_pattern=&#8221;without_pattern&#8221;][vc_column][vc_column_text][\/vc_column_text][\/vc_column][\/vc_row][vc_row css_animation=&#8221;&#8221; row_type=&#8221;row&#8221; use_row_as_full_screen_section=&#8221;no&#8221; type=&#8221;full_width&#8221; angled_section=&#8221;no&#8221; text_align=&#8221;left&#8221; background_image_as_pattern=&#8221;without_pattern&#8221;][vc_column][vc_separator type=&#8221;normal&#8221; up=&#8221;20&#8243; down=&#8221;20&#8243;][\/vc_column][\/vc_row][vc_row css_animation=&#8221;&#8221; row_type=&#8221;row&#8221; use_row_as_full_screen_section=&#8221;no&#8221; type=&#8221;grid&#8221; angled_section=&#8221;no&#8221; text_align=&#8221;left&#8221; background_image_as_pattern=&#8221;without_pattern&#8221;][vc_column][vc_column_text] Nasza firma oferuje najlepszej jako\u015bci jelita baranie. Oferta obejmuje: [\/vc_column_text][\/vc_column][\/vc_row][vc_row css_animation=&#8221;&#8221; row_type=&#8221;row&#8221; use_row_as_full_screen_section=&#8221;no&#8221; type=&#8221;full_width&#8221; angled_section=&#8221;no&#8221; text_align=&#8221;left&#8221; background_image_as_pattern=&#8221;without_pattern&#8221;][vc_column][vc_empty_space][\/vc_column][\/vc_row][vc_row css_animation=&#8221;element_from_bottom&#8221; row_type=&#8221;row&#8221; use_row_as_full_screen_section=&#8221;no&#8221;&#8230;<\/p>\n","protected":false},"author":1,"featured_media":0,"parent":0,"menu_order":0,"comment_status":"open","ping_status":"open","template":"full_width.php","meta":[],"_links":{"self":[{"href":"https:\/\/amjadi.com\/pl\/wp-json\/wp\/v2\/pages\/21"}],"collection":[{"href":"https:\/\/amjadi.com\/pl\/wp-json\/wp\/v2\/pages"}],"about":[{"href":"https:\/\/amjadi.com\/pl\/wp-json\/wp\/v2\/types\/page"}],"author":[{"embeddable":true,"href":"https:\/\/amjadi.com\/pl\/wp-json\/wp\/v2\/users\/1"}],"replies":[{"embeddable":true,"href":"https:\/\/amjadi.com\/pl\/wp-json\/wp\/v2\/comments?post=21"}],"version-history":[{"count":1,"href":"https:\/\/amjadi.com\/pl\/wp-json\/wp\/v2\/pages\/21\/revisions"}],"predecessor-version":[{"id":461,"href":"https:\/\/amjadi.com\/pl\/wp-json\/wp\/v2\/pages\/21\/revisions\/461"}],"wp:attachment":[{"href":"https:\/\/amjadi.com\/pl\/wp-json\/wp\/v2\/media?parent=21"}],"curies":[{"name":"wp","href":"https:\/\/api.w.org\/{rel}","templated":true}]}}