{"id":8,"date":"2015-08-06T08:19:02","date_gmt":"2015-08-06T08:19:02","guid":{"rendered":"http:\/\/amjadi.com\/pl\/?page_id=8"},"modified":"2024-03-14T13:46:09","modified_gmt":"2024-03-14T12:46:09","slug":"home","status":"publish","type":"page","link":"https:\/\/amjadi.com\/fr\/","title":{"rendered":"HOME"},"content":{"rendered":"<p>[vc_row css_animation=&#8221;&#8221; row_type=&#8221;row&#8221; use_row_as_full_screen_section=&#8221;no&#8221; type=&#8221;full_width&#8221; angled_section=&#8221;no&#8221; text_align=&#8221;left&#8221; background_image_as_pattern=&#8221;without_pattern&#8221;][vc_column][layerslider_vc id=&#8221;1&#8243;][\/vc_column][\/vc_row][vc_row css_animation=&#8221;&#8221; row_type=&#8221;row&#8221; use_row_as_full_screen_section=&#8221;no&#8221; type=&#8221;full_width&#8221; angled_section=&#8221;no&#8221; text_align=&#8221;left&#8221; background_image_as_pattern=&#8221;without_pattern&#8221;][vc_column][vc_empty_space][\/vc_column][\/vc_row][vc_row css_animation=&#8221;&#8221; row_type=&#8221;row&#8221; use_row_as_full_screen_section=&#8221;no&#8221; type=&#8221;grid&#8221; angled_section=&#8221;no&#8221; text_align=&#8221;left&#8221; background_image_as_pattern=&#8221;without_pattern&#8221;][vc_column width=&#8221;1\/3&#8243;][vc_column_text]<img loading=\"lazy\" class=\" wp-image-155 size-full aligncenter\" src=\"http:\/\/amjadi.com\/pl\/wp-content\/uploads\/2015\/08\/baran_jako\u015b\u01072.png\" alt=\"AMJADI producent flak\u00f3w baranich\" width=\"150\" height=\"115\" \/>[\/vc_column_text][vc_column_text]<\/p>\n<h3 style=\"text-align: center;\">Qualit\u00e9<\/h3>\n<p>&nbsp;<\/p>\n<p style=\"text-align: center;\">Les boyaux de mouton d&#8217;origine sont import\u00e9s de nos propres \u00e9tablissements de production, ainsi des \u00e9tablissements amis. L&#8217;origine des boyaux est importante. La raret\u00e9 de la nourriture dans cette partie du monde exige des br\u00e9bis et des moutons un mouvement intense, ce qui rend les boyaux plus r\u00e9sistants.<\/p>\n<p>[\/vc_column_text][\/vc_column][vc_column width=&#8221;1\/3&#8243;][vc_column_text]<img loading=\"lazy\" class=\"aligncenter wp-image-154 size-full\" src=\"http:\/\/amjadi.com\/pl\/wp-content\/uploads\/2015\/08\/baran_bezpieczenstwo2.png\" alt=\"AMJADI producent flak\u00f3w baranich\" width=\"150\" height=\"115\" \/>[\/vc_column_text][vc_column_text]<\/p>\n<h3 style=\"text-align: center;\">S\u00e9curit\u00e9<\/h3>\n<p>&nbsp;<\/p>\n<p style=\"text-align: center;\">Boyaux de moutons, enveloppes naturelles des saucissons et boyaux \u00e0 saucissons que nous proposons \u00e0 nos clients sont soumis \u00e0 des contr\u00f4les sp\u00e9cifiques. En tant que le fabricant des boyaux de moutons, nous avons mis en place un syst\u00e8me HACCP, valid\u00e9 par l&#8217;Inspection V\u00e9t\u00e9rinaire, qui permet d&#8217;identifier des risques de la sant\u00e9 du consommateur potentiel li\u00e9s au produit et, par la suite, les \u00e9liminer ou r\u00e9duire \u00e0 un niveau s\u00fbr.<\/p>\n<p>[\/vc_column_text][\/vc_column][vc_column width=&#8221;1\/3&#8243;][vc_column_text]<a href=\"http:\/\/amjadi.com\/pl\/wp-content\/uploads\/2015\/08\/baran_profesjonalizm2.png\"><img loading=\"lazy\" class=\" size-full wp-image-156 aligncenter\" src=\"http:\/\/amjadi.com\/pl\/wp-content\/uploads\/2015\/08\/baran_profesjonalizm2.png\" alt=\"AMJADI producent flak\u00f3w baranich\" width=\"150\" height=\"115\" \/><\/a>[\/vc_column_text][vc_column_text]<\/p>\n<h3 style=\"text-align: center;\">Professionnalisme<\/h3>\n<p>&nbsp;<\/p>\n<p style=\"text-align: center;\">Gr\u00e2ce \u00e0 une tradition des nombreuses ann\u00e9es et \u00e0 notre exp\u00e9rience, nous sommes en mesure d&#8217;assurer la plus haute qualit\u00e9 de nos produits. Le conditionnement des boyaux de mouton naturels de mani\u00e8re appropri\u00e9e rend la fabrication des charcuteries chez notre client beaucoup plus efficace. Ceci permet de diminuer les frais salariaux, le temps de fabrication et les co\u00fbts des boyaux suppl\u00e9mentaires. Le tout gr\u00e2ce \u00e0 la r\u00e9duction de la consommation des boyaux sur 100 kg de la farce.<\/p>\n<p>[\/vc_column_text][\/vc_column][\/vc_row][vc_row css_animation=&#8221;&#8221; row_type=&#8221;row&#8221; use_row_as_full_screen_section=&#8221;no&#8221; type=&#8221;full_width&#8221; angled_section=&#8221;no&#8221; text_align=&#8221;left&#8221; background_image_as_pattern=&#8221;without_pattern&#8221;][vc_column][vc_empty_space height=&#8221;44px&#8221;][\/vc_column][\/vc_row][vc_row css_animation=&#8221;element_from_right&#8221; row_type=&#8221;row&#8221; use_row_as_full_screen_section=&#8221;no&#8221; type=&#8221;full_width&#8221; angled_section=&#8221;no&#8221; text_align=&#8221;left&#8221; background_image_as_pattern=&#8221;without_pattern&#8221; transition_delay=&#8221;500&#8243;][vc_column][layerslider_vc id=&#8221;3&#8243;][\/vc_column][\/vc_row][vc_row css_animation=&#8221;&#8221; row_type=&#8221;row&#8221; use_row_as_full_screen_section=&#8221;no&#8221; type=&#8221;full_width&#8221; angled_section=&#8221;no&#8221; text_align=&#8221;left&#8221; background_image_as_pattern=&#8221;without_pattern&#8221;][vc_column][vc_empty_space][\/vc_column][\/vc_row][vc_row css_animation=&#8221;&#8221; row_type=&#8221;row&#8221; use_row_as_full_screen_section=&#8221;no&#8221; type=&#8221;full_width&#8221; angled_section=&#8221;no&#8221; text_align=&#8221;left&#8221; background_image_as_pattern=&#8221;without_pattern&#8221;][vc_column][vc_column_text]<\/p>\n<h5 style=\"text-align: center;\">PRODUITS DE LA PLUS HAUTE QUALIT\u00c9<\/h5>\n<p>[\/vc_column_text][\/vc_column][\/vc_row][vc_row css_animation=&#8221;&#8221; row_type=&#8221;row&#8221; use_row_as_full_screen_section=&#8221;no&#8221; type=&#8221;grid&#8221; angled_section=&#8221;no&#8221; text_align=&#8221;left&#8221; background_image_as_pattern=&#8221;without_pattern&#8221;][vc_column][vc_empty_space height=&#8221;22px&#8221;][vc_column_text]<\/p>\n<h6 style=\"text-align: center;\"><\/h6>\n<h6 style=\"text-align: center;\">Nous sommes heureux de vous pr\u00e9senter notre<br \/>\noffre et d&#8217;expliquer la politique de notre soci\u00e9t\u00e9.<br \/>\nDans toutes les filiales de la soci\u00e9t\u00e9 Amjadi, nous attachons une plus grande<br \/>\nimportance au maintien de la qualit\u00e9 sup\u00e9rieure.<\/h6>\n<p>[\/vc_column_text][\/vc_column][\/vc_row][vc_row css_animation=&#8221;element_from_left&#8221; row_type=&#8221;row&#8221; use_row_as_full_screen_section=&#8221;no&#8221; type=&#8221;full_width&#8221; angled_section=&#8221;no&#8221; text_align=&#8221;left&#8221; background_image_as_pattern=&#8221;without_pattern&#8221; transition_delay=&#8221;500&#8243;][vc_column][vc_empty_space][vc_column_text]<img loading=\"lazy\" class=\"alignnone wp-image-17 size-full\" src=\"http:\/\/amjadi.com\/pl\/wp-content\/uploads\/2015\/08\/produkty.jpg\" alt=\"produkty\" width=\"1659\" height=\"441\" srcset=\"https:\/\/amjadi.com\/fr\/wp-content\/uploads\/2015\/08\/produkty.jpg 1659w, https:\/\/amjadi.com\/fr\/wp-content\/uploads\/2015\/08\/produkty-300x79.jpg 300w, https:\/\/amjadi.com\/fr\/wp-content\/uploads\/2015\/08\/produkty-1024x272.jpg 1024w\" sizes=\"(max-width: 1659px) 100vw, 1659px\" \/>[\/vc_column_text][vc_empty_space][\/vc_column][\/vc_row][vc_row css_animation=&#8221;&#8221; row_type=&#8221;row&#8221; use_row_as_full_screen_section=&#8221;no&#8221; type=&#8221;full_width&#8221; angled_section=&#8221;no&#8221; text_align=&#8221;left&#8221; background_image_as_pattern=&#8221;without_pattern&#8221;][vc_column][vc_empty_space][\/vc_column][\/vc_row]<\/p>\n","protected":false},"excerpt":{"rendered":"<p>[vc_row css_animation=&#8221;&#8221; row_type=&#8221;row&#8221; use_row_as_full_screen_section=&#8221;no&#8221; type=&#8221;full_width&#8221; angled_section=&#8221;no&#8221; text_align=&#8221;left&#8221; background_image_as_pattern=&#8221;without_pattern&#8221;][vc_column][layerslider_vc id=&#8221;1&#8243;][\/vc_column][\/vc_row][vc_row css_animation=&#8221;&#8221; row_type=&#8221;row&#8221; use_row_as_full_screen_section=&#8221;no&#8221; type=&#8221;full_width&#8221; angled_section=&#8221;no&#8221; text_align=&#8221;left&#8221; background_image_as_pattern=&#8221;without_pattern&#8221;][vc_column][vc_empty_space][\/vc_column][\/vc_row][vc_row css_animation=&#8221;&#8221; row_type=&#8221;row&#8221; use_row_as_full_screen_section=&#8221;no&#8221; type=&#8221;grid&#8221; angled_section=&#8221;no&#8221; text_align=&#8221;left&#8221; background_image_as_pattern=&#8221;without_pattern&#8221;][vc_column width=&#8221;1\/3&#8243;][vc_column_text][\/vc_column_text][vc_column_text] Qualit\u00e9 &nbsp; Les boyaux de mouton d&#8217;origine sont import\u00e9s de nos propres \u00e9tablissements de production, ainsi des \u00e9tablissements amis. L&#8217;origine des&#8230;<\/p>\n","protected":false},"author":1,"featured_media":0,"parent":0,"menu_order":0,"comment_status":"open","ping_status":"open","template":"full_width.php","meta":[],"_links":{"self":[{"href":"https:\/\/amjadi.com\/fr\/wp-json\/wp\/v2\/pages\/8"}],"collection":[{"href":"https:\/\/amjadi.com\/fr\/wp-json\/wp\/v2\/pages"}],"about":[{"href":"https:\/\/amjadi.com\/fr\/wp-json\/wp\/v2\/types\/page"}],"author":[{"embeddable":true,"href":"https:\/\/amjadi.com\/fr\/wp-json\/wp\/v2\/users\/1"}],"replies":[{"embeddable":true,"href":"https:\/\/amjadi.com\/fr\/wp-json\/wp\/v2\/comments?post=8"}],"version-history":[{"count":5,"href":"https:\/\/amjadi.com\/fr\/wp-json\/wp\/v2\/pages\/8\/revisions"}],"predecessor-version":[{"id":346,"href":"https:\/\/amjadi.com\/fr\/wp-json\/wp\/v2\/pages\/8\/revisions\/346"}],"wp:attachment":[{"href":"https:\/\/amjadi.com\/fr\/wp-json\/wp\/v2\/media?parent=8"}],"curies":[{"name":"wp","href":"https:\/\/api.w.org\/{rel}","templated":true}]}}