{"id":23,"date":"2015-08-06T11:13:00","date_gmt":"2015-08-06T11:13:00","guid":{"rendered":"http:\/\/amjadi.com\/pl\/?page_id=23"},"modified":"2024-03-14T13:46:02","modified_gmt":"2024-03-14T12:46:02","slug":"firma","status":"publish","type":"page","link":"https:\/\/amjadi.com\/fr\/firma\/","title":{"rendered":"LA SOCI\u00c9T\u00c9"},"content":{"rendered":"<p>[vc_row css_animation=&#8221;&#8221; row_type=&#8221;row&#8221; use_row_as_full_screen_section=&#8221;no&#8221; type=&#8221;full_width&#8221; angled_section=&#8221;no&#8221; text_align=&#8221;left&#8221; background_image_as_pattern=&#8221;without_pattern&#8221;][vc_column][vc_column_text]<img loading=\"lazy\" class=\"alignnone wp-image-179 size-full\" src=\"http:\/\/amjadi.com\/pl\/wp-content\/uploads\/2015\/08\/MG_3052x1.jpg\" alt=\"\" width=\"1920\" height=\"546\" \/>[\/vc_column_text][\/vc_column][\/vc_row][vc_row css_animation=&#8221;&#8221; row_type=&#8221;row&#8221; use_row_as_full_screen_section=&#8221;no&#8221; type=&#8221;grid&#8221; angled_section=&#8221;no&#8221; text_align=&#8221;left&#8221; background_image_as_pattern=&#8221;without_pattern&#8221;][vc_column][vc_separator type=&#8221;normal&#8221; up=&#8221;20&#8243; down=&#8221;20&#8243;][\/vc_column][\/vc_row][vc_row css_animation=&#8221;element_from_left&#8221; row_type=&#8221;row&#8221; use_row_as_full_screen_section=&#8221;no&#8221; type=&#8221;grid&#8221; angled_section=&#8221;no&#8221; text_align=&#8221;left&#8221; background_image_as_pattern=&#8221;without_pattern&#8221;][vc_column width=&#8221;1\/4&#8243;][vc_column_text]<img loading=\"lazy\" class=\"alignnone wp-image-71 size-medium\" src=\"http:\/\/amjadi.com\/pl\/wp-content\/uploads\/2015\/08\/ptasznik_img_2391_i3kixvydm5-300x300.jpg\" alt=\"ptasznik_img_2391_i3kixvydm5\" width=\"300\" height=\"300\" srcset=\"https:\/\/amjadi.com\/fr\/wp-content\/uploads\/2015\/08\/ptasznik_img_2391_i3kixvydm5-300x300.jpg 300w, https:\/\/amjadi.com\/fr\/wp-content\/uploads\/2015\/08\/ptasznik_img_2391_i3kixvydm5-150x150.jpg 150w, https:\/\/amjadi.com\/fr\/wp-content\/uploads\/2015\/08\/ptasznik_img_2391_i3kixvydm5.jpg 628w\" sizes=\"(max-width: 300px) 100vw, 300px\" \/>[\/vc_column_text][\/vc_column][vc_column width=&#8221;1\/4&#8243;][vc_empty_space][vc_column_text]La soci\u00e9t\u00e9 Amjadi propose des boyaux naturels depuis d\u00e9j\u00e0 trois g\u00e9n\u00e9rations. Les boyaux de mouton sont import\u00e9s de nos propres \u00e9tablissements de production ainsi que des \u00e9tablissements amis.<br \/>\nDans les ann\u00e9es 60., la soci\u00e9t\u00e9 \u00e9tait g\u00e9r\u00e9e par Asghar Amjadi.[\/vc_column_text][\/vc_column][vc_column width=&#8221;1\/4&#8243;][vc_column_text]<img loading=\"lazy\" class=\"alignnone wp-image-68 size-medium\" src=\"http:\/\/amjadi.com\/pl\/wp-content\/uploads\/2015\/08\/MG_2951_72dpi-300x300.jpg\" alt=\"_MG_2951_72dpi\" width=\"300\" height=\"300\" srcset=\"https:\/\/amjadi.com\/fr\/wp-content\/uploads\/2015\/08\/MG_2951_72dpi-300x300.jpg 300w, https:\/\/amjadi.com\/fr\/wp-content\/uploads\/2015\/08\/MG_2951_72dpi-150x150.jpg 150w, https:\/\/amjadi.com\/fr\/wp-content\/uploads\/2015\/08\/MG_2951_72dpi.jpg 536w\" sizes=\"(max-width: 300px) 100vw, 300px\" \/>[\/vc_column_text][\/vc_column][vc_column width=&#8221;1\/4&#8243;][vc_empty_space height=&#8221;42px&#8221;][vc_column_text]La soci\u00e9t\u00e9 Amjadi GmbH a \u00e9largi son activit\u00e9 en 2004, apr\u00e8s l&#8217;\u00e9largissement de l&#8217;Union Europ\u00e9enne vers l&#8217;est, et a ouvert son \u00e9tablissement de production en Pologne. La soci\u00e9t\u00e9 Amjadi est le fournisseur des boyaux de mouton de qualit\u00e9 sur tout le territoire de l&#8217;UE.[\/vc_column_text][\/vc_column][\/vc_row][vc_row css_animation=&#8221;&#8221; row_type=&#8221;row&#8221; use_row_as_full_screen_section=&#8221;no&#8221; type=&#8221;grid&#8221; angled_section=&#8221;no&#8221; text_align=&#8221;left&#8221; background_image_as_pattern=&#8221;without_pattern&#8221;][vc_column][vc_separator type=&#8221;normal&#8221; up=&#8221;20&#8243; down=&#8221;20&#8243;][\/vc_column][\/vc_row][vc_row css_animation=&#8221;element_from_left&#8221; row_type=&#8221;row&#8221; use_row_as_full_screen_section=&#8221;no&#8221; type=&#8221;grid&#8221; angled_section=&#8221;no&#8221; text_align=&#8221;left&#8221; background_image_as_pattern=&#8221;without_pattern&#8221;][vc_column width=&#8221;1\/4&#8243;][vc_empty_space][vc_column_text]Nous devons la haute qualit\u00e9 de nos produits \u00e0 leur origine. Elle est \u00e9galement influenc\u00e9e par la race des ovins, le r\u00e9gime alimentaire et les m\u00e9thodes d&#8217;\u00e9levage.[\/vc_column_text][\/vc_column][vc_column width=&#8221;1\/4&#8243;][vc_column_text]<img loading=\"lazy\" class=\"alignnone wp-image-69 size-medium\" src=\"http:\/\/amjadi.com\/pl\/wp-content\/uploads\/2015\/08\/MG_3028d_72dpi-300x300.jpg\" alt=\"_MG_3028d_72dpi\" width=\"300\" height=\"300\" srcset=\"https:\/\/amjadi.com\/fr\/wp-content\/uploads\/2015\/08\/MG_3028d_72dpi-300x300.jpg 300w, https:\/\/amjadi.com\/fr\/wp-content\/uploads\/2015\/08\/MG_3028d_72dpi-150x150.jpg 150w, https:\/\/amjadi.com\/fr\/wp-content\/uploads\/2015\/08\/MG_3028d_72dpi.jpg 600w\" sizes=\"(max-width: 300px) 100vw, 300px\" \/>.[\/vc_column_text][\/vc_column][vc_column width=&#8221;1\/4&#8243;][vc_empty_space height=&#8221;52px&#8221;][vc_column_text]Dans les ann\u00e9es 80.; les fils, Saied et Majid Amjadi, ont \u00e9galement rejoint la soci\u00e9t\u00e9 en qualit\u00e9 des directeurs. C&#8217;est \u00e0 cette \u00e9poque que la soci\u00e9t\u00e9 Amjadi GmbH a \u00e9t\u00e9 fond\u00e9e en Europe, en Allemagne.[\/vc_column_text][\/vc_column][vc_column width=&#8221;1\/4&#8243;][vc_column_text]<img loading=\"lazy\" class=\"alignnone wp-image-70 size-medium\" src=\"http:\/\/amjadi.com\/pl\/wp-content\/uploads\/2015\/08\/MG_3161_72dpi-300x300.jpg\" alt=\"_MG_3161_72dpi\" width=\"300\" height=\"300\" srcset=\"https:\/\/amjadi.com\/fr\/wp-content\/uploads\/2015\/08\/MG_3161_72dpi-300x300.jpg 300w, https:\/\/amjadi.com\/fr\/wp-content\/uploads\/2015\/08\/MG_3161_72dpi-150x150.jpg 150w, https:\/\/amjadi.com\/fr\/wp-content\/uploads\/2015\/08\/MG_3161_72dpi.jpg 463w\" sizes=\"(max-width: 300px) 100vw, 300px\" \/>[\/vc_column_text][\/vc_column][\/vc_row]<\/p>\n","protected":false},"excerpt":{"rendered":"<p>[vc_row css_animation=&#8221;&#8221; row_type=&#8221;row&#8221; use_row_as_full_screen_section=&#8221;no&#8221; type=&#8221;full_width&#8221; angled_section=&#8221;no&#8221; text_align=&#8221;left&#8221; background_image_as_pattern=&#8221;without_pattern&#8221;][vc_column][vc_column_text][\/vc_column_text][\/vc_column][\/vc_row][vc_row css_animation=&#8221;&#8221; row_type=&#8221;row&#8221; use_row_as_full_screen_section=&#8221;no&#8221; type=&#8221;grid&#8221; angled_section=&#8221;no&#8221; text_align=&#8221;left&#8221; background_image_as_pattern=&#8221;without_pattern&#8221;][vc_column][vc_separator type=&#8221;normal&#8221; up=&#8221;20&#8243; down=&#8221;20&#8243;][\/vc_column][\/vc_row][vc_row css_animation=&#8221;element_from_left&#8221; row_type=&#8221;row&#8221; use_row_as_full_screen_section=&#8221;no&#8221; type=&#8221;grid&#8221; angled_section=&#8221;no&#8221; text_align=&#8221;left&#8221; background_image_as_pattern=&#8221;without_pattern&#8221;][vc_column width=&#8221;1\/4&#8243;][vc_column_text][\/vc_column_text][\/vc_column][vc_column width=&#8221;1\/4&#8243;][vc_empty_space][vc_column_text]La soci\u00e9t\u00e9 Amjadi propose des boyaux naturels depuis d\u00e9j\u00e0 trois g\u00e9n\u00e9rations. Les boyaux de mouton sont import\u00e9s de nos&#8230;<\/p>\n","protected":false},"author":1,"featured_media":0,"parent":0,"menu_order":0,"comment_status":"open","ping_status":"open","template":"full_width.php","meta":[],"_links":{"self":[{"href":"https:\/\/amjadi.com\/fr\/wp-json\/wp\/v2\/pages\/23"}],"collection":[{"href":"https:\/\/amjadi.com\/fr\/wp-json\/wp\/v2\/pages"}],"about":[{"href":"https:\/\/amjadi.com\/fr\/wp-json\/wp\/v2\/types\/page"}],"author":[{"embeddable":true,"href":"https:\/\/amjadi.com\/fr\/wp-json\/wp\/v2\/users\/1"}],"replies":[{"embeddable":true,"href":"https:\/\/amjadi.com\/fr\/wp-json\/wp\/v2\/comments?post=23"}],"version-history":[{"count":3,"href":"https:\/\/amjadi.com\/fr\/wp-json\/wp\/v2\/pages\/23\/revisions"}],"predecessor-version":[{"id":345,"href":"https:\/\/amjadi.com\/fr\/wp-json\/wp\/v2\/pages\/23\/revisions\/345"}],"wp:attachment":[{"href":"https:\/\/amjadi.com\/fr\/wp-json\/wp\/v2\/media?parent=23"}],"curies":[{"name":"wp","href":"https:\/\/api.w.org\/{rel}","templated":true}]}}