{"id":21,"date":"2015-08-06T11:12:48","date_gmt":"2015-08-06T11:12:48","guid":{"rendered":"http:\/\/amjadi.com\/pl\/?page_id=21"},"modified":"2022-02-24T10:24:24","modified_gmt":"2022-02-24T09:24:24","slug":"produkty-2","status":"publish","type":"page","link":"https:\/\/amjadi.com\/fr\/produkty-2\/","title":{"rendered":"PRODUITS"},"content":{"rendered":"<p>[vc_row css_animation=&#8221;&#8221; row_type=&#8221;row&#8221; use_row_as_full_screen_section=&#8221;no&#8221; type=&#8221;full_width&#8221; angled_section=&#8221;no&#8221; text_align=&#8221;left&#8221; background_image_as_pattern=&#8221;without_pattern&#8221;][vc_column][vc_column_text]<img loading=\"lazy\" class=\"alignnone wp-image-104 size-full\" src=\"http:\/\/amjadi.com\/pl\/wp-content\/uploads\/2015\/08\/MG_3020.jpg\" alt=\"_MG_3020\" width=\"1920\" height=\"693\" srcset=\"https:\/\/amjadi.com\/fr\/wp-content\/uploads\/2015\/08\/MG_3020.jpg 1920w, https:\/\/amjadi.com\/fr\/wp-content\/uploads\/2015\/08\/MG_3020-300x108.jpg 300w, https:\/\/amjadi.com\/fr\/wp-content\/uploads\/2015\/08\/MG_3020-1024x369.jpg 1024w\" sizes=\"(max-width: 1920px) 100vw, 1920px\" \/>[\/vc_column_text][\/vc_column][\/vc_row][vc_row css_animation=&#8221;&#8221; row_type=&#8221;row&#8221; use_row_as_full_screen_section=&#8221;no&#8221; type=&#8221;full_width&#8221; angled_section=&#8221;no&#8221; text_align=&#8221;left&#8221; background_image_as_pattern=&#8221;without_pattern&#8221;][vc_column][vc_separator type=&#8221;normal&#8221; up=&#8221;20&#8243; down=&#8221;20&#8243;][\/vc_column][\/vc_row][vc_row css_animation=&#8221;&#8221; row_type=&#8221;row&#8221; use_row_as_full_screen_section=&#8221;no&#8221; type=&#8221;grid&#8221; angled_section=&#8221;no&#8221; text_align=&#8221;left&#8221; background_image_as_pattern=&#8221;without_pattern&#8221;][vc_column][vc_column_text]<\/p>\n<h6 style=\"text-align: center;\">Notre soci\u00e9t\u00e9 vous propose des boyaux de mouton de qualit\u00e9.<\/h6>\n<h6 style=\"text-align: center;\">Dans l&#8217;offre\u00a0:<\/h6>\n<p>[\/vc_column_text][\/vc_column][\/vc_row][vc_row css_animation=&#8221;&#8221; row_type=&#8221;row&#8221; use_row_as_full_screen_section=&#8221;no&#8221; type=&#8221;full_width&#8221; angled_section=&#8221;no&#8221; text_align=&#8221;left&#8221; background_image_as_pattern=&#8221;without_pattern&#8221;][vc_column][vc_empty_space][\/vc_column][\/vc_row][vc_row css_animation=&#8221;element_from_bottom&#8221; row_type=&#8221;row&#8221; use_row_as_full_screen_section=&#8221;no&#8221; type=&#8221;grid&#8221; angled_section=&#8221;no&#8221; text_align=&#8221;left&#8221; background_image_as_pattern=&#8221;without_pattern&#8221;][vc_column width=&#8221;1\/3&#8243;][vc_column_text]<img loading=\"lazy\" class=\"alignnone wp-image-79 size-full\" src=\"http:\/\/amjadi.com\/pl\/wp-content\/uploads\/2015\/08\/MG_3344_72dpi.jpg\" alt=\"_MG_3344_72dpi\" width=\"500\" height=\"500\" srcset=\"https:\/\/amjadi.com\/fr\/wp-content\/uploads\/2015\/08\/MG_3344_72dpi.jpg 500w, https:\/\/amjadi.com\/fr\/wp-content\/uploads\/2015\/08\/MG_3344_72dpi-150x150.jpg 150w, https:\/\/amjadi.com\/fr\/wp-content\/uploads\/2015\/08\/MG_3344_72dpi-300x300.jpg 300w\" sizes=\"(max-width: 500px) 100vw, 500px\" \/>[\/vc_column_text][vc_column_text]<\/p>\n<ul>\n<li style=\"text-align: left;\">boyaux de mouton en jus, dans r\u00e9cipients plastiques, emball\u00e9s par 1 faisceau,<\/li>\n<li style=\"text-align: left;\">boyaux de mouton secs sal\u00e9s, en tonneaux<\/li>\n<\/ul>\n<p>[\/vc_column_text][\/vc_column][vc_column width=&#8221;1\/3&#8243;][vc_column_text]<img loading=\"lazy\" class=\"alignnone wp-image-106 size-full\" src=\"http:\/\/amjadi.com\/pl\/wp-content\/uploads\/2015\/08\/produkt.jpg\" alt=\"produkt\" width=\"500\" height=\"500\" srcset=\"https:\/\/amjadi.com\/fr\/wp-content\/uploads\/2015\/08\/produkt.jpg 500w, https:\/\/amjadi.com\/fr\/wp-content\/uploads\/2015\/08\/produkt-150x150.jpg 150w, https:\/\/amjadi.com\/fr\/wp-content\/uploads\/2015\/08\/produkt-300x300.jpg 300w\" sizes=\"(max-width: 500px) 100vw, 500px\" \/>[\/vc_column_text][vc_column_text]<\/p>\n<ul>\n<li>boyaux de mouton sur tubes en jus, conditionn\u00e9s dans bacs plastiques E2 de 20 faisceaux,<\/li>\n<\/ul>\n<p>[\/vc_column_text][\/vc_column][vc_column width=&#8221;1\/3&#8243;][vc_column_text]<img loading=\"lazy\" class=\"alignnone wp-image-187 size-full\" src=\"http:\/\/amjadi.com\/pl\/wp-content\/uploads\/2015\/08\/MG_3217_72dpi.jpg\" alt=\"\" width=\"500\" height=\"500\" \/>[\/vc_column_text][vc_column_text]<\/p>\n<ul>\n<li style=\"text-align: left;\">boyaux de mouton sur sangles, conditionn\u00e9s dans bacs plastiques E2 de 20 faisceaux,<\/li>\n<li style=\"text-align: left;\">c\u00e6cums de mouton secs sal\u00e9s.<\/li>\n<\/ul>\n<p>[\/vc_column_text][\/vc_column][\/vc_row][vc_row css_animation=&#8221;&#8221; row_type=&#8221;row&#8221; use_row_as_full_screen_section=&#8221;no&#8221; type=&#8221;full_width&#8221; angled_section=&#8221;no&#8221; text_align=&#8221;left&#8221; background_image_as_pattern=&#8221;without_pattern&#8221;][vc_column][vc_empty_space][vc_column_text]<\/p>\n<h6 style=\"text-align: center;\">Nous aurons le plaisir de vous envoyer des \u00e9chantillons de nos produits.<\/h6>\n<p>[\/vc_column_text][\/vc_column][\/vc_row][vc_row css_animation=&#8221;&#8221; row_type=&#8221;row&#8221; use_row_as_full_screen_section=&#8221;no&#8221; type=&#8221;full_width&#8221; angled_section=&#8221;no&#8221; text_align=&#8221;left&#8221; background_image_as_pattern=&#8221;without_pattern&#8221;][vc_column][vc_separator type=&#8221;normal&#8221; up=&#8221;20&#8243; down=&#8221;20&#8243;][\/vc_column][\/vc_row]<\/p>\n","protected":false},"excerpt":{"rendered":"<p>[vc_row css_animation=&#8221;&#8221; row_type=&#8221;row&#8221; use_row_as_full_screen_section=&#8221;no&#8221; type=&#8221;full_width&#8221; angled_section=&#8221;no&#8221; text_align=&#8221;left&#8221; background_image_as_pattern=&#8221;without_pattern&#8221;][vc_column][vc_column_text][\/vc_column_text][\/vc_column][\/vc_row][vc_row css_animation=&#8221;&#8221; row_type=&#8221;row&#8221; use_row_as_full_screen_section=&#8221;no&#8221; type=&#8221;full_width&#8221; angled_section=&#8221;no&#8221; text_align=&#8221;left&#8221; background_image_as_pattern=&#8221;without_pattern&#8221;][vc_column][vc_separator type=&#8221;normal&#8221; up=&#8221;20&#8243; down=&#8221;20&#8243;][\/vc_column][\/vc_row][vc_row css_animation=&#8221;&#8221; row_type=&#8221;row&#8221; use_row_as_full_screen_section=&#8221;no&#8221; type=&#8221;grid&#8221; angled_section=&#8221;no&#8221; text_align=&#8221;left&#8221; background_image_as_pattern=&#8221;without_pattern&#8221;][vc_column][vc_column_text] Notre soci\u00e9t\u00e9 vous propose des boyaux de mouton de qualit\u00e9. Dans l&#8217;offre\u00a0: [\/vc_column_text][\/vc_column][\/vc_row][vc_row css_animation=&#8221;&#8221; row_type=&#8221;row&#8221; use_row_as_full_screen_section=&#8221;no&#8221; type=&#8221;full_width&#8221; angled_section=&#8221;no&#8221; text_align=&#8221;left&#8221; background_image_as_pattern=&#8221;without_pattern&#8221;][vc_column][vc_empty_space][\/vc_column][\/vc_row][vc_row&#8230;<\/p>\n","protected":false},"author":1,"featured_media":0,"parent":0,"menu_order":0,"comment_status":"open","ping_status":"open","template":"full_width.php","meta":[],"_links":{"self":[{"href":"https:\/\/amjadi.com\/fr\/wp-json\/wp\/v2\/pages\/21"}],"collection":[{"href":"https:\/\/amjadi.com\/fr\/wp-json\/wp\/v2\/pages"}],"about":[{"href":"https:\/\/amjadi.com\/fr\/wp-json\/wp\/v2\/types\/page"}],"author":[{"embeddable":true,"href":"https:\/\/amjadi.com\/fr\/wp-json\/wp\/v2\/users\/1"}],"replies":[{"embeddable":true,"href":"https:\/\/amjadi.com\/fr\/wp-json\/wp\/v2\/comments?post=21"}],"version-history":[{"count":3,"href":"https:\/\/amjadi.com\/fr\/wp-json\/wp\/v2\/pages\/21\/revisions"}],"predecessor-version":[{"id":341,"href":"https:\/\/amjadi.com\/fr\/wp-json\/wp\/v2\/pages\/21\/revisions\/341"}],"wp:attachment":[{"href":"https:\/\/amjadi.com\/fr\/wp-json\/wp\/v2\/media?parent=21"}],"curies":[{"name":"wp","href":"https:\/\/api.w.org\/{rel}","templated":true}]}}