{"id":8,"date":"2015-08-06T08:19:02","date_gmt":"2015-08-06T08:19:02","guid":{"rendered":"http:\/\/amjadi.com\/pl\/?page_id=8"},"modified":"2024-03-14T13:42:24","modified_gmt":"2024-03-14T12:42:24","slug":"home","status":"publish","type":"page","link":"https:\/\/amjadi.com\/es\/","title":{"rendered":"HOME"},"content":{"rendered":"<p>[vc_row css_animation=&#8221;&#8221; row_type=&#8221;row&#8221; use_row_as_full_screen_section=&#8221;no&#8221; type=&#8221;full_width&#8221; angled_section=&#8221;no&#8221; text_align=&#8221;left&#8221; background_image_as_pattern=&#8221;without_pattern&#8221;][vc_column][layerslider_vc id=&#8221;1&#8243;][\/vc_column][\/vc_row][vc_row css_animation=&#8221;&#8221; row_type=&#8221;row&#8221; use_row_as_full_screen_section=&#8221;no&#8221; type=&#8221;full_width&#8221; angled_section=&#8221;no&#8221; text_align=&#8221;left&#8221; background_image_as_pattern=&#8221;without_pattern&#8221;][vc_column][vc_empty_space][\/vc_column][\/vc_row][vc_row css_animation=&#8221;&#8221; row_type=&#8221;row&#8221; use_row_as_full_screen_section=&#8221;no&#8221; type=&#8221;grid&#8221; angled_section=&#8221;no&#8221; text_align=&#8221;left&#8221; background_image_as_pattern=&#8221;without_pattern&#8221;][vc_column width=&#8221;1\/3&#8243;][vc_column_text]<\/p>\n<p><img loading=\"lazy\" class=\" wp-image-155 size-full aligncenter\" src=\"http:\/\/amjadi.com\/pl\/wp-content\/uploads\/2015\/08\/baran_jako\u015b\u01072.png\" alt=\"AMJADI producent flak\u00f3w baranich\" width=\"150\" height=\"115\" \/><\/p>\n<p>[\/vc_column_text][vc_column_text]<\/p>\n<h3 style=\"text-align: center;\">Calidad<\/h3>\n<p>&nbsp;<\/p>\n<p style=\"text-align: center;\">Los intestinos de ovino son importados de nuestras propias plantas de fabricaci\u00f3n y otras plantas con las que colaboramos. El origen de los intestinos tiene mucha importancia. El escaso acceso a la comida en esta parte del mundo obliga a las ovejas y los carneros a moverse mucho y gracias a esto sus intestinos son m\u00e1s resistentes.<\/p>\n<p>[\/vc_column_text][\/vc_column][vc_column width=&#8221;1\/3&#8243;][vc_column_text]<\/p>\n<p><img loading=\"lazy\" class=\"aligncenter wp-image-154 size-full\" src=\"http:\/\/amjadi.com\/pl\/wp-content\/uploads\/2015\/08\/baran_bezpieczenstwo2.png\" alt=\"AMJADI producent flak\u00f3w baranich\" width=\"150\" height=\"115\" \/><\/p>\n<p>[\/vc_column_text][vc_column_text]<\/p>\n<h3 style=\"text-align: center;\">Seguridad<\/h3>\n<p>&nbsp;<\/p>\n<p style=\"text-align: center;\">Los intestinos de ovino, las cubiertas naturales para salchichas y los intestinos para salchichas que ofrecemos a nuestros clientes son sometidos a controles especiales. Como fabricante de intestinos de ovino tenemos implementado y aprobado por la Inspecci\u00f3n Veterinaria el sistema HACCP que permite identificar los peligros potenciales para la salud de los consumidores por parte del producto y luego eliminarlo o limitarlo adecuadamente.<\/p>\n<p>[\/vc_column_text][\/vc_column][vc_column width=&#8221;1\/3&#8243;][vc_column_text]<\/p>\n<p><a href=\"http:\/\/amjadi.com\/pl\/wp-content\/uploads\/2015\/08\/baran_profesjonalizm2.png\"><img loading=\"lazy\" class=\" size-full wp-image-156 aligncenter\" src=\"http:\/\/amjadi.com\/pl\/wp-content\/uploads\/2015\/08\/baran_profesjonalizm2.png\" alt=\"AMJADI producent flak\u00f3w baranich\" width=\"150\" height=\"115\" \/><\/a><\/p>\n<p>[\/vc_column_text][vc_column_text]<\/p>\n<h3 style=\"text-align: center;\">Profesionalismo<\/h3>\n<p>&nbsp;<\/p>\n<p style=\"text-align: center;\">Gracias a la larga tradici\u00f3n y muchos a\u00f1os de experiencia podemos garantizar a\u00a0nuestros clientes la m\u00e1xima calidad de nuestros productos. El adecuado acondicionamiento de los intestinos de ovino hace que la fabricaci\u00f3n de los embutidos en las plantas de nuestros clientes se hace mucho m\u00e1s efectiva. Esto permite reducir los costes de trabajo, el tiempo de producci\u00f3n y los costes del uso de intestinos adicionales. Todo esto gracias al menor consumo de intestinos por 100\u00a0kg de relleno.<\/p>\n<p>[\/vc_column_text][\/vc_column][\/vc_row][vc_row css_animation=&#8221;&#8221; row_type=&#8221;row&#8221; use_row_as_full_screen_section=&#8221;no&#8221; type=&#8221;full_width&#8221; angled_section=&#8221;no&#8221; text_align=&#8221;left&#8221; background_image_as_pattern=&#8221;without_pattern&#8221;][vc_column][vc_empty_space height=&#8221;44px&#8221;][\/vc_column][\/vc_row][vc_row css_animation=&#8221;element_from_right&#8221; row_type=&#8221;row&#8221; use_row_as_full_screen_section=&#8221;no&#8221; type=&#8221;full_width&#8221; angled_section=&#8221;no&#8221; text_align=&#8221;left&#8221; background_image_as_pattern=&#8221;without_pattern&#8221; transition_delay=&#8221;500&#8243;][vc_column][layerslider_vc id=&#8221;3&#8243;][\/vc_column][\/vc_row][vc_row css_animation=&#8221;&#8221; row_type=&#8221;row&#8221; use_row_as_full_screen_section=&#8221;no&#8221; type=&#8221;full_width&#8221; angled_section=&#8221;no&#8221; text_align=&#8221;left&#8221; background_image_as_pattern=&#8221;without_pattern&#8221;][vc_column][vc_empty_space][\/vc_column][\/vc_row][vc_row css_animation=&#8221;&#8221; row_type=&#8221;row&#8221; use_row_as_full_screen_section=&#8221;no&#8221; type=&#8221;full_width&#8221; angled_section=&#8221;no&#8221; text_align=&#8221;left&#8221; background_image_as_pattern=&#8221;without_pattern&#8221;][vc_column][vc_column_text]<\/p>\n<h5 style=\"text-align: center;\">PRODUCTOS DE ALTA CALIDAD<\/h5>\n<p>[\/vc_column_text][\/vc_column][\/vc_row][vc_row css_animation=&#8221;&#8221; row_type=&#8221;row&#8221; use_row_as_full_screen_section=&#8221;no&#8221; type=&#8221;grid&#8221; angled_section=&#8221;no&#8221; text_align=&#8221;left&#8221; background_image_as_pattern=&#8221;without_pattern&#8221;][vc_column][vc_empty_space height=&#8221;22px&#8221;][vc_column_text]<\/p>\n<h6 style=\"text-align: center;\"><\/h6>\n<h6 style=\"text-align: center;\">\u00a1Bienvenidos a nuestra p\u00e1gina web!<br \/>\nLes invitamos a conocer nuestra oferta<br \/>\ny leer sobre la pol\u00edtica de nuestra empresa.<br \/>\nEn todos los departamentos de la empresa Amjadi nos esforzamos<br \/>\na mantener la m\u00e1s alta calidad.<\/h6>\n<p>[\/vc_column_text][\/vc_column][\/vc_row][vc_row css_animation=&#8221;element_from_left&#8221; row_type=&#8221;row&#8221; use_row_as_full_screen_section=&#8221;no&#8221; type=&#8221;full_width&#8221; angled_section=&#8221;no&#8221; text_align=&#8221;left&#8221; background_image_as_pattern=&#8221;without_pattern&#8221; transition_delay=&#8221;500&#8243;][vc_column][vc_empty_space][vc_column_text]<\/p>\n<p><img loading=\"lazy\" class=\"alignnone wp-image-17 size-full\" src=\"http:\/\/amjadi.com\/pl\/wp-content\/uploads\/2015\/08\/produkty.jpg\" alt=\"produkty\" width=\"1659\" height=\"441\" srcset=\"https:\/\/amjadi.com\/es\/wp-content\/uploads\/2015\/08\/produkty.jpg 1659w, https:\/\/amjadi.com\/es\/wp-content\/uploads\/2015\/08\/produkty-300x80.jpg 300w, https:\/\/amjadi.com\/es\/wp-content\/uploads\/2015\/08\/produkty-1024x272.jpg 1024w\" sizes=\"(max-width: 1659px) 100vw, 1659px\" \/><\/p>\n<p>[\/vc_column_text][vc_empty_space][\/vc_column][\/vc_row][vc_row css_animation=&#8221;&#8221; row_type=&#8221;row&#8221; use_row_as_full_screen_section=&#8221;no&#8221; type=&#8221;full_width&#8221; angled_section=&#8221;no&#8221; text_align=&#8221;left&#8221; background_image_as_pattern=&#8221;without_pattern&#8221;][vc_column][vc_empty_space][\/vc_column][\/vc_row]<\/p>\n","protected":false},"excerpt":{"rendered":"<p>[vc_row css_animation=&#8221;&#8221; row_type=&#8221;row&#8221; use_row_as_full_screen_section=&#8221;no&#8221; type=&#8221;full_width&#8221; angled_section=&#8221;no&#8221; text_align=&#8221;left&#8221; background_image_as_pattern=&#8221;without_pattern&#8221;][vc_column][layerslider_vc id=&#8221;1&#8243;][\/vc_column][\/vc_row][vc_row css_animation=&#8221;&#8221; row_type=&#8221;row&#8221; use_row_as_full_screen_section=&#8221;no&#8221; type=&#8221;full_width&#8221; angled_section=&#8221;no&#8221; text_align=&#8221;left&#8221; background_image_as_pattern=&#8221;without_pattern&#8221;][vc_column][vc_empty_space][\/vc_column][\/vc_row][vc_row css_animation=&#8221;&#8221; row_type=&#8221;row&#8221; use_row_as_full_screen_section=&#8221;no&#8221; type=&#8221;grid&#8221; angled_section=&#8221;no&#8221; text_align=&#8221;left&#8221; background_image_as_pattern=&#8221;without_pattern&#8221;][vc_column width=&#8221;1\/3&#8243;][vc_column_text] [\/vc_column_text][vc_column_text] Calidad &nbsp; Los intestinos de ovino son importados de nuestras propias plantas de fabricaci\u00f3n y otras plantas con las que&#8230;<\/p>\n","protected":false},"author":2,"featured_media":0,"parent":0,"menu_order":0,"comment_status":"open","ping_status":"open","template":"full_width.php","meta":[],"_links":{"self":[{"href":"https:\/\/amjadi.com\/es\/wp-json\/wp\/v2\/pages\/8"}],"collection":[{"href":"https:\/\/amjadi.com\/es\/wp-json\/wp\/v2\/pages"}],"about":[{"href":"https:\/\/amjadi.com\/es\/wp-json\/wp\/v2\/types\/page"}],"author":[{"embeddable":true,"href":"https:\/\/amjadi.com\/es\/wp-json\/wp\/v2\/users\/2"}],"replies":[{"embeddable":true,"href":"https:\/\/amjadi.com\/es\/wp-json\/wp\/v2\/comments?post=8"}],"version-history":[{"count":5,"href":"https:\/\/amjadi.com\/es\/wp-json\/wp\/v2\/pages\/8\/revisions"}],"predecessor-version":[{"id":350,"href":"https:\/\/amjadi.com\/es\/wp-json\/wp\/v2\/pages\/8\/revisions\/350"}],"wp:attachment":[{"href":"https:\/\/amjadi.com\/es\/wp-json\/wp\/v2\/media?parent=8"}],"curies":[{"name":"wp","href":"https:\/\/api.w.org\/{rel}","templated":true}]}}