{"id":23,"date":"2015-08-06T11:13:00","date_gmt":"2015-08-06T11:13:00","guid":{"rendered":"http:\/\/amjadi.com\/pl\/?page_id=23"},"modified":"2024-03-14T13:42:36","modified_gmt":"2024-03-14T12:42:36","slug":"firma","status":"publish","type":"page","link":"https:\/\/amjadi.com\/es\/firma\/","title":{"rendered":"EMPRESA"},"content":{"rendered":"<p>[vc_row css_animation=&#8221;&#8221; row_type=&#8221;row&#8221; use_row_as_full_screen_section=&#8221;no&#8221; type=&#8221;full_width&#8221; angled_section=&#8221;no&#8221; text_align=&#8221;left&#8221; background_image_as_pattern=&#8221;without_pattern&#8221;][vc_column][vc_column_text]<\/p>\n<p><img loading=\"lazy\" class=\"alignnone wp-image-179 size-full\" src=\"http:\/\/amjadi.com\/pl\/wp-content\/uploads\/2015\/08\/MG_3052x1.jpg\" alt=\"\" width=\"1920\" height=\"546\" \/><\/p>\n<p>[\/vc_column_text][\/vc_column][\/vc_row][vc_row css_animation=&#8221;&#8221; row_type=&#8221;row&#8221; use_row_as_full_screen_section=&#8221;no&#8221; type=&#8221;grid&#8221; angled_section=&#8221;no&#8221; text_align=&#8221;left&#8221; background_image_as_pattern=&#8221;without_pattern&#8221;][vc_column][vc_separator type=&#8221;normal&#8221; up=&#8221;20&#8243; down=&#8221;20&#8243;][\/vc_column][\/vc_row][vc_row css_animation=&#8221;element_from_left&#8221; row_type=&#8221;row&#8221; use_row_as_full_screen_section=&#8221;no&#8221; type=&#8221;grid&#8221; angled_section=&#8221;no&#8221; text_align=&#8221;left&#8221; background_image_as_pattern=&#8221;without_pattern&#8221;][vc_column width=&#8221;1\/4&#8243;][vc_column_text]<\/p>\n<p><img loading=\"lazy\" class=\"alignnone wp-image-71 size-medium\" src=\"http:\/\/amjadi.com\/pl\/wp-content\/uploads\/2015\/08\/ptasznik_img_2391_i3kixvydm5-300x300.jpg\" alt=\"ptasznik_img_2391_i3kixvydm5\" width=\"300\" height=\"300\" srcset=\"https:\/\/amjadi.com\/es\/wp-content\/uploads\/2015\/08\/ptasznik_img_2391_i3kixvydm5-300x300.jpg 300w, https:\/\/amjadi.com\/es\/wp-content\/uploads\/2015\/08\/ptasznik_img_2391_i3kixvydm5-150x150.jpg 150w, https:\/\/amjadi.com\/es\/wp-content\/uploads\/2015\/08\/ptasznik_img_2391_i3kixvydm5.jpg 628w\" sizes=\"(max-width: 300px) 100vw, 300px\" \/><\/p>\n<p>[\/vc_column_text][\/vc_column][vc_column width=&#8221;1\/4&#8243;][vc_empty_space][vc_column_text]La empresa Amjadi ofrece intestinos naturales desde hace tres generaciones. Los intestinos de ovino son importados de nuestras propias plantas de fabricaci\u00f3n y otras plantas con las que colaboramos.<br \/>\nEn los a\u00f1os 60. la empresa fue dirigida por Asghar Amjadi.[\/vc_column_text][\/vc_column][vc_column width=&#8221;1\/4&#8243;][vc_column_text]<\/p>\n<p><img loading=\"lazy\" class=\"alignnone wp-image-68 size-medium\" src=\"http:\/\/amjadi.com\/pl\/wp-content\/uploads\/2015\/08\/MG_2951_72dpi-300x300.jpg\" alt=\"_MG_2951_72dpi\" width=\"300\" height=\"300\" srcset=\"https:\/\/amjadi.com\/es\/wp-content\/uploads\/2015\/08\/MG_2951_72dpi-300x300.jpg 300w, https:\/\/amjadi.com\/es\/wp-content\/uploads\/2015\/08\/MG_2951_72dpi-150x150.jpg 150w, https:\/\/amjadi.com\/es\/wp-content\/uploads\/2015\/08\/MG_2951_72dpi.jpg 536w\" sizes=\"(max-width: 300px) 100vw, 300px\" \/><\/p>\n<p>[\/vc_column_text][\/vc_column][vc_column width=&#8221;1\/4&#8243;][vc_empty_space height=&#8221;42px&#8221;][vc_column_text]<\/p>\n<p lang=\"es-ES\">Amjadi GmbH ampli\u00f3 su actividad en el a\u00f1o 2004 despu\u00e9s de la ampliaci\u00f3n de la Uni\u00f3n Europea al este y abri\u00f3 una planta de fabricaci\u00f3n en Polonia. La empresa Amjadi es un proveedor de intestinos naturales de ovino de alta calidad en el territorio de toda la Uni\u00f3n Europea.<\/p>\n<p>[\/vc_column_text][\/vc_column][\/vc_row][vc_row css_animation=&#8221;&#8221; row_type=&#8221;row&#8221; use_row_as_full_screen_section=&#8221;no&#8221; type=&#8221;grid&#8221; angled_section=&#8221;no&#8221; text_align=&#8221;left&#8221; background_image_as_pattern=&#8221;without_pattern&#8221;][vc_column][vc_separator type=&#8221;normal&#8221; up=&#8221;20&#8243; down=&#8221;20&#8243;][\/vc_column][\/vc_row][vc_row css_animation=&#8221;element_from_left&#8221; row_type=&#8221;row&#8221; use_row_as_full_screen_section=&#8221;no&#8221; type=&#8221;grid&#8221; angled_section=&#8221;no&#8221; text_align=&#8221;left&#8221; background_image_as_pattern=&#8221;without_pattern&#8221;][vc_column width=&#8221;1\/4&#8243;][vc_empty_space][vc_column_text]<\/p>\n<p>La alta calidad de nuestros productos se debe a su origen en el que influye tambi\u00e9n la raza, el modo de nutrici\u00f3n y de crianza de los animales.<\/p>\n<p>[\/vc_column_text][\/vc_column][vc_column width=&#8221;1\/4&#8243;][vc_column_text]<\/p>\n<p><img loading=\"lazy\" class=\"alignnone wp-image-69 size-medium\" src=\"http:\/\/amjadi.com\/pl\/wp-content\/uploads\/2015\/08\/MG_3028d_72dpi-300x300.jpg\" alt=\"_MG_3028d_72dpi\" width=\"300\" height=\"300\" srcset=\"https:\/\/amjadi.com\/es\/wp-content\/uploads\/2015\/08\/MG_3028d_72dpi-300x300.jpg 300w, https:\/\/amjadi.com\/es\/wp-content\/uploads\/2015\/08\/MG_3028d_72dpi-150x150.jpg 150w, https:\/\/amjadi.com\/es\/wp-content\/uploads\/2015\/08\/MG_3028d_72dpi.jpg 600w\" sizes=\"(max-width: 300px) 100vw, 300px\" \/>.<\/p>\n<p>[\/vc_column_text][\/vc_column][vc_column width=&#8221;1\/4&#8243;][vc_empty_space height=&#8221;52px&#8221;][vc_column_text]<\/p>\n<p>En los a\u00f1os 80. se unieron a la empresa los hijos \u2013 Saied Amjadi y Majid Amjadi como directores del negocio. Fue entonces cuando fundaron en Alemania la sociedad Amjadi GmbH.<\/p>\n<p>[\/vc_column_text][\/vc_column][vc_column width=&#8221;1\/4&#8243;][vc_column_text]<\/p>\n<p><img loading=\"lazy\" class=\"alignnone wp-image-70 size-medium\" src=\"http:\/\/amjadi.com\/pl\/wp-content\/uploads\/2015\/08\/MG_3161_72dpi-300x300.jpg\" alt=\"_MG_3161_72dpi\" width=\"300\" height=\"300\" srcset=\"https:\/\/amjadi.com\/es\/wp-content\/uploads\/2015\/08\/MG_3161_72dpi-300x300.jpg 300w, https:\/\/amjadi.com\/es\/wp-content\/uploads\/2015\/08\/MG_3161_72dpi-150x150.jpg 150w, https:\/\/amjadi.com\/es\/wp-content\/uploads\/2015\/08\/MG_3161_72dpi.jpg 463w\" sizes=\"(max-width: 300px) 100vw, 300px\" \/><\/p>\n<p>[\/vc_column_text][\/vc_column][\/vc_row]<\/p>\n","protected":false},"excerpt":{"rendered":"<p>[vc_row css_animation=&#8221;&#8221; row_type=&#8221;row&#8221; use_row_as_full_screen_section=&#8221;no&#8221; type=&#8221;full_width&#8221; angled_section=&#8221;no&#8221; text_align=&#8221;left&#8221; background_image_as_pattern=&#8221;without_pattern&#8221;][vc_column][vc_column_text] [\/vc_column_text][\/vc_column][\/vc_row][vc_row css_animation=&#8221;&#8221; row_type=&#8221;row&#8221; use_row_as_full_screen_section=&#8221;no&#8221; type=&#8221;grid&#8221; angled_section=&#8221;no&#8221; text_align=&#8221;left&#8221; background_image_as_pattern=&#8221;without_pattern&#8221;][vc_column][vc_separator type=&#8221;normal&#8221; up=&#8221;20&#8243; down=&#8221;20&#8243;][\/vc_column][\/vc_row][vc_row css_animation=&#8221;element_from_left&#8221; row_type=&#8221;row&#8221; use_row_as_full_screen_section=&#8221;no&#8221; type=&#8221;grid&#8221; angled_section=&#8221;no&#8221; text_align=&#8221;left&#8221; background_image_as_pattern=&#8221;without_pattern&#8221;][vc_column width=&#8221;1\/4&#8243;][vc_column_text] [\/vc_column_text][\/vc_column][vc_column width=&#8221;1\/4&#8243;][vc_empty_space][vc_column_text]La empresa Amjadi ofrece intestinos naturales desde hace tres generaciones. Los intestinos de ovino son importados de&#8230;<\/p>\n","protected":false},"author":2,"featured_media":0,"parent":0,"menu_order":0,"comment_status":"open","ping_status":"open","template":"full_width.php","meta":[],"_links":{"self":[{"href":"https:\/\/amjadi.com\/es\/wp-json\/wp\/v2\/pages\/23"}],"collection":[{"href":"https:\/\/amjadi.com\/es\/wp-json\/wp\/v2\/pages"}],"about":[{"href":"https:\/\/amjadi.com\/es\/wp-json\/wp\/v2\/types\/page"}],"author":[{"embeddable":true,"href":"https:\/\/amjadi.com\/es\/wp-json\/wp\/v2\/users\/2"}],"replies":[{"embeddable":true,"href":"https:\/\/amjadi.com\/es\/wp-json\/wp\/v2\/comments?post=23"}],"version-history":[{"count":8,"href":"https:\/\/amjadi.com\/es\/wp-json\/wp\/v2\/pages\/23\/revisions"}],"predecessor-version":[{"id":351,"href":"https:\/\/amjadi.com\/es\/wp-json\/wp\/v2\/pages\/23\/revisions\/351"}],"wp:attachment":[{"href":"https:\/\/amjadi.com\/es\/wp-json\/wp\/v2\/media?parent=23"}],"curies":[{"name":"wp","href":"https:\/\/api.w.org\/{rel}","templated":true}]}}